{"id":1353,"date":"2024-04-18T22:22:53","date_gmt":"2024-04-18T20:22:53","guid":{"rendered":"https:\/\/www.jednotavrozmanitosti.eu\/?page_id=1353"},"modified":"2024-04-18T22:26:55","modified_gmt":"2024-04-18T20:26:55","slug":"zaverecna-konferencia","status":"publish","type":"page","link":"https:\/\/www.jednotavrozmanitosti.eu\/?page_id=1353","title":{"rendered":"Z\u00e1vere\u010dn\u00e1 konferencia"},"content":{"rendered":"\n<p>V piatok 12.4.2024 sa v priestoroch Obecn\u00e9ho \u00faradu v Prakovciach uskuto\u010dnila Z\u00e1vere\u010dn\u00e1 konferencia N\u00f3rskeho grantov\u00e9ho programu. Ve\u013ek\u00e9 po\u010fakovanie patr\u00ed v\u0161etk\u00fdm, ktor\u00ed&nbsp; sa na tomto projekte podie\u013eali. V\u010faka patr\u00ed aj na\u0161im partnerom &#8211; obec Mn\u00ed\u0161ek nad Hnilcom, Gymn\u00e1zium Gelnica, New School Oslo, spolo\u010dnosti Mediinvest Pre\u0161ov&nbsp; a Ministerstvu invest\u00edci\u00ed, region\u00e1lneho rozvoja a informatiz\u00e1cie.<\/p>\n\n\n\n<p>Tento projekt nie je len o finan\u010dnej podpore, ale ide o spolo\u010dn\u00e9 \u00fasilie a budovanie lep\u0161ej spolo\u010dnosti pre na\u0161u obec a na\u0161u ml\u00e1de\u017e.&nbsp;<\/p>\n\n\n\n<div class=\"wp-container-4 wp-block-columns\">\n<div class=\"wp-container-1 wp-block-column\">\n<figure class=\"wp-block-image size-large is-style-default\"><img loading=\"lazy\" width=\"1024\" height=\"768\" src=\"https:\/\/www.jednotavrozmanitosti.eu\/wp-content\/uploads\/2024\/04\/IMG_20240412_140711-1024x768.jpg\" alt=\"\" class=\"wp-image-1355\" srcset=\"https:\/\/www.jednotavrozmanitosti.eu\/wp-content\/uploads\/2024\/04\/IMG_20240412_140711-1024x768.jpg 1024w, https:\/\/www.jednotavrozmanitosti.eu\/wp-content\/uploads\/2024\/04\/IMG_20240412_140711-300x225.jpg 300w, https:\/\/www.jednotavrozmanitosti.eu\/wp-content\/uploads\/2024\/04\/IMG_20240412_140711-768x576.jpg 768w, https:\/\/www.jednotavrozmanitosti.eu\/wp-content\/uploads\/2024\/04\/IMG_20240412_140711-1536x1152.jpg 1536w, https:\/\/www.jednotavrozmanitosti.eu\/wp-content\/uploads\/2024\/04\/IMG_20240412_140711-2048x1536.jpg 2048w\" sizes=\"(max-width: 1024px) 100vw, 1024px\" \/><\/figure>\n<\/div>\n\n\n\n<div class=\"wp-container-2 wp-block-column\">\n<figure class=\"wp-block-image size-large is-style-default\"><img loading=\"lazy\" width=\"766\" height=\"1024\" src=\"https:\/\/www.jednotavrozmanitosti.eu\/wp-content\/uploads\/2024\/04\/IMG_20240412_133916-766x1024.jpg\" alt=\"\" class=\"wp-image-1356\" srcset=\"https:\/\/www.jednotavrozmanitosti.eu\/wp-content\/uploads\/2024\/04\/IMG_20240412_133916-766x1024.jpg 766w, https:\/\/www.jednotavrozmanitosti.eu\/wp-content\/uploads\/2024\/04\/IMG_20240412_133916-224x300.jpg 224w, https:\/\/www.jednotavrozmanitosti.eu\/wp-content\/uploads\/2024\/04\/IMG_20240412_133916-768x1027.jpg 768w, https:\/\/www.jednotavrozmanitosti.eu\/wp-content\/uploads\/2024\/04\/IMG_20240412_133916-1149x1536.jpg 1149w, https:\/\/www.jednotavrozmanitosti.eu\/wp-content\/uploads\/2024\/04\/IMG_20240412_133916-1532x2048.jpg 1532w, https:\/\/www.jednotavrozmanitosti.eu\/wp-content\/uploads\/2024\/04\/IMG_20240412_133916-scaled.jpg 1915w\" sizes=\"(max-width: 766px) 100vw, 766px\" \/><\/figure>\n<\/div>\n\n\n\n<div class=\"wp-container-3 wp-block-column\">\n<figure class=\"wp-block-image size-large is-style-default\"><img loading=\"lazy\" width=\"766\" height=\"1024\" src=\"https:\/\/www.jednotavrozmanitosti.eu\/wp-content\/uploads\/2024\/04\/IMG_20240412_134204-766x1024.jpg\" alt=\"\" class=\"wp-image-1357\" srcset=\"https:\/\/www.jednotavrozmanitosti.eu\/wp-content\/uploads\/2024\/04\/IMG_20240412_134204-766x1024.jpg 766w, https:\/\/www.jednotavrozmanitosti.eu\/wp-content\/uploads\/2024\/04\/IMG_20240412_134204-224x300.jpg 224w, https:\/\/www.jednotavrozmanitosti.eu\/wp-content\/uploads\/2024\/04\/IMG_20240412_134204-768x1027.jpg 768w, https:\/\/www.jednotavrozmanitosti.eu\/wp-content\/uploads\/2024\/04\/IMG_20240412_134204-1149x1536.jpg 1149w, https:\/\/www.jednotavrozmanitosti.eu\/wp-content\/uploads\/2024\/04\/IMG_20240412_134204-1532x2048.jpg 1532w, https:\/\/www.jednotavrozmanitosti.eu\/wp-content\/uploads\/2024\/04\/IMG_20240412_134204-scaled.jpg 1915w\" sizes=\"(max-width: 766px) 100vw, 766px\" \/><\/figure>\n<\/div>\n<\/div>\n\n\n\n<div class=\"wp-container-8 wp-block-columns\">\n<div class=\"wp-container-5 wp-block-column\">\n<figure class=\"wp-block-image size-large is-style-default\"><img loading=\"lazy\" width=\"766\" height=\"1024\" src=\"https:\/\/www.jednotavrozmanitosti.eu\/wp-content\/uploads\/2024\/04\/IMG_20240412_134337-766x1024.jpg\" alt=\"\" class=\"wp-image-1358\" srcset=\"https:\/\/www.jednotavrozmanitosti.eu\/wp-content\/uploads\/2024\/04\/IMG_20240412_134337-766x1024.jpg 766w, https:\/\/www.jednotavrozmanitosti.eu\/wp-content\/uploads\/2024\/04\/IMG_20240412_134337-224x300.jpg 224w, https:\/\/www.jednotavrozmanitosti.eu\/wp-content\/uploads\/2024\/04\/IMG_20240412_134337-768x1027.jpg 768w, https:\/\/www.jednotavrozmanitosti.eu\/wp-content\/uploads\/2024\/04\/IMG_20240412_134337-1149x1536.jpg 1149w, https:\/\/www.jednotavrozmanitosti.eu\/wp-content\/uploads\/2024\/04\/IMG_20240412_134337-1532x2048.jpg 1532w, https:\/\/www.jednotavrozmanitosti.eu\/wp-content\/uploads\/2024\/04\/IMG_20240412_134337-scaled.jpg 1915w\" sizes=\"(max-width: 766px) 100vw, 766px\" \/><\/figure>\n<\/div>\n\n\n\n<div class=\"wp-container-6 wp-block-column\">\n<figure class=\"wp-block-image size-large is-style-default\"><img loading=\"lazy\" width=\"766\" height=\"1024\" src=\"https:\/\/www.jednotavrozmanitosti.eu\/wp-content\/uploads\/2024\/04\/IMG_20240412_140627-766x1024.jpg\" alt=\"\" class=\"wp-image-1359\" srcset=\"https:\/\/www.jednotavrozmanitosti.eu\/wp-content\/uploads\/2024\/04\/IMG_20240412_140627-766x1024.jpg 766w, https:\/\/www.jednotavrozmanitosti.eu\/wp-content\/uploads\/2024\/04\/IMG_20240412_140627-224x300.jpg 224w, https:\/\/www.jednotavrozmanitosti.eu\/wp-content\/uploads\/2024\/04\/IMG_20240412_140627-768x1027.jpg 768w, https:\/\/www.jednotavrozmanitosti.eu\/wp-content\/uploads\/2024\/04\/IMG_20240412_140627-1149x1536.jpg 1149w, https:\/\/www.jednotavrozmanitosti.eu\/wp-content\/uploads\/2024\/04\/IMG_20240412_140627-1532x2048.jpg 1532w, https:\/\/www.jednotavrozmanitosti.eu\/wp-content\/uploads\/2024\/04\/IMG_20240412_140627-scaled.jpg 1915w\" sizes=\"(max-width: 766px) 100vw, 766px\" \/><\/figure>\n<\/div>\n\n\n\n<div class=\"wp-container-7 wp-block-column\">\n<figure class=\"wp-block-image size-large is-style-default\"><img loading=\"lazy\" width=\"1024\" height=\"768\" src=\"https:\/\/www.jednotavrozmanitosti.eu\/wp-content\/uploads\/2024\/04\/IMG_20240412_140711-1-1024x768.jpg\" alt=\"\" class=\"wp-image-1360\" srcset=\"https:\/\/www.jednotavrozmanitosti.eu\/wp-content\/uploads\/2024\/04\/IMG_20240412_140711-1-1024x768.jpg 1024w, https:\/\/www.jednotavrozmanitosti.eu\/wp-content\/uploads\/2024\/04\/IMG_20240412_140711-1-300x225.jpg 300w, https:\/\/www.jednotavrozmanitosti.eu\/wp-content\/uploads\/2024\/04\/IMG_20240412_140711-1-768x576.jpg 768w, https:\/\/www.jednotavrozmanitosti.eu\/wp-content\/uploads\/2024\/04\/IMG_20240412_140711-1-1536x1152.jpg 1536w, https:\/\/www.jednotavrozmanitosti.eu\/wp-content\/uploads\/2024\/04\/IMG_20240412_140711-1-2048x1536.jpg 2048w\" sizes=\"(max-width: 1024px) 100vw, 1024px\" \/><\/figure>\n<\/div>\n<\/div>\n","protected":false},"excerpt":{"rendered":"<p>V piatok 12.4.2024 sa v priestoroch Obecn\u00e9ho \u00faradu v Prakovciach uskuto\u010dnila Z\u00e1vere\u010dn\u00e1 konferencia N\u00f3rskeho grantov\u00e9ho programu. Ve\u013ek\u00e9 po\u010fakovanie patr\u00ed v\u0161etk\u00fdm, ktor\u00ed&nbsp; sa na tomto projekte podie\u013eali. V\u010faka patr\u00ed aj na\u0161im partnerom &#8211; obec Mn\u00ed\u0161ek nad Hnilcom, Gymn\u00e1zium Gelnica, New School Oslo, spolo\u010dnosti Mediinvest Pre\u0161ov&nbsp; a Ministerstvu invest\u00edci\u00ed, region\u00e1lneho rozvoja a informatiz\u00e1cie. Tento projekt nie je [&hellip;]<\/p>\n","protected":false},"author":2,"featured_media":0,"parent":127,"menu_order":7,"comment_status":"closed","ping_status":"closed","template":"","meta":{"_monsterinsights_skip_tracking":false,"_monsterinsights_sitenote_active":false,"_monsterinsights_sitenote_note":"","_monsterinsights_sitenote_category":0},"yoast_head":"<!-- This site is optimized with the Yoast SEO plugin v19.4 - https:\/\/yoast.com\/wordpress\/plugins\/seo\/ -->\n<title>Z\u00e1vere\u010dn\u00e1 konferencia -<\/title>\n<meta name=\"robots\" content=\"index, follow, max-snippet:-1, max-image-preview:large, max-video-preview:-1\" \/>\n<link rel=\"canonical\" href=\"https:\/\/www.jednotavrozmanitosti.eu\/?page_id=1353\" \/>\n<meta property=\"og:locale\" content=\"sk_SK\" \/>\n<meta property=\"og:type\" content=\"article\" \/>\n<meta property=\"og:title\" content=\"Z\u00e1vere\u010dn\u00e1 konferencia -\" \/>\n<meta property=\"og:description\" content=\"V piatok 12.4.2024 sa v priestoroch Obecn\u00e9ho \u00faradu v Prakovciach uskuto\u010dnila Z\u00e1vere\u010dn\u00e1 konferencia N\u00f3rskeho grantov\u00e9ho programu. Ve\u013ek\u00e9 po\u010fakovanie patr\u00ed v\u0161etk\u00fdm, ktor\u00ed&nbsp; sa na tomto projekte podie\u013eali. V\u010faka patr\u00ed aj na\u0161im partnerom &#8211; obec Mn\u00ed\u0161ek nad Hnilcom, Gymn\u00e1zium Gelnica, New School Oslo, spolo\u010dnosti Mediinvest Pre\u0161ov&nbsp; a Ministerstvu invest\u00edci\u00ed, region\u00e1lneho rozvoja a informatiz\u00e1cie. Tento projekt nie je [&hellip;]\" \/>\n<meta property=\"og:url\" content=\"https:\/\/www.jednotavrozmanitosti.eu\/?page_id=1353\" \/>\n<meta property=\"article:modified_time\" content=\"2024-04-18T20:26:55+00:00\" \/>\n<meta property=\"og:image\" content=\"https:\/\/www.jednotavrozmanitosti.eu\/wp-content\/uploads\/2024\/04\/IMG_20240412_140711-1024x768.jpg\" \/>\n<meta name=\"twitter:card\" content=\"summary_large_image\" \/>\n<meta name=\"twitter:label1\" content=\"Predpokladan\u00fd \u010das \u010d\u00edtania\" \/>\n\t<meta name=\"twitter:data1\" content=\"2 min\u00faty\" \/>\n<script type=\"application\/ld+json\" class=\"yoast-schema-graph\">{\"@context\":\"https:\/\/schema.org\",\"@graph\":[{\"@type\":\"WebSite\",\"@id\":\"https:\/\/www.jednotavrozmanitosti.eu\/#website\",\"url\":\"https:\/\/www.jednotavrozmanitosti.eu\/\",\"name\":\"\",\"description\":\",,Spolo\u010dn\u00fdm \u00fasil\u00edm k\u00a0zelenej, konkurencieschopnej a\u00a0inkluz\u00edvnej Eur\u00f3pe.\u201c\",\"potentialAction\":[{\"@type\":\"SearchAction\",\"target\":{\"@type\":\"EntryPoint\",\"urlTemplate\":\"https:\/\/www.jednotavrozmanitosti.eu\/?s={search_term_string}\"},\"query-input\":\"required name=search_term_string\"}],\"inLanguage\":\"sk-SK\"},{\"@type\":\"WebPage\",\"@id\":\"https:\/\/www.jednotavrozmanitosti.eu\/?page_id=1353\",\"url\":\"https:\/\/www.jednotavrozmanitosti.eu\/?page_id=1353\",\"name\":\"Z\u00e1vere\u010dn\u00e1 konferencia -\",\"isPartOf\":{\"@id\":\"https:\/\/www.jednotavrozmanitosti.eu\/#website\"},\"datePublished\":\"2024-04-18T20:22:53+00:00\",\"dateModified\":\"2024-04-18T20:26:55+00:00\",\"breadcrumb\":{\"@id\":\"https:\/\/www.jednotavrozmanitosti.eu\/?page_id=1353#breadcrumb\"},\"inLanguage\":\"sk-SK\",\"potentialAction\":[{\"@type\":\"ReadAction\",\"target\":[\"https:\/\/www.jednotavrozmanitosti.eu\/?page_id=1353\"]}]},{\"@type\":\"BreadcrumbList\",\"@id\":\"https:\/\/www.jednotavrozmanitosti.eu\/?page_id=1353#breadcrumb\",\"itemListElement\":[{\"@type\":\"ListItem\",\"position\":1,\"name\":\"Home\",\"item\":\"https:\/\/www.jednotavrozmanitosti.eu\/\"},{\"@type\":\"ListItem\",\"position\":2,\"name\":\"Aktuality\/ Novinky\",\"item\":\"https:\/\/www.jednotavrozmanitosti.eu\/?page_id=127\"},{\"@type\":\"ListItem\",\"position\":3,\"name\":\"Z\u00e1vere\u010dn\u00e1 konferencia\"}]}]}<\/script>\n<!-- \/ Yoast SEO plugin. -->","yoast_head_json":{"title":"Z\u00e1vere\u010dn\u00e1 konferencia -","robots":{"index":"index","follow":"follow","max-snippet":"max-snippet:-1","max-image-preview":"max-image-preview:large","max-video-preview":"max-video-preview:-1"},"canonical":"https:\/\/www.jednotavrozmanitosti.eu\/?page_id=1353","og_locale":"sk_SK","og_type":"article","og_title":"Z\u00e1vere\u010dn\u00e1 konferencia -","og_description":"V piatok 12.4.2024 sa v priestoroch Obecn\u00e9ho \u00faradu v Prakovciach uskuto\u010dnila Z\u00e1vere\u010dn\u00e1 konferencia N\u00f3rskeho grantov\u00e9ho programu. Ve\u013ek\u00e9 po\u010fakovanie patr\u00ed v\u0161etk\u00fdm, ktor\u00ed&nbsp; sa na tomto projekte podie\u013eali. V\u010faka patr\u00ed aj na\u0161im partnerom &#8211; obec Mn\u00ed\u0161ek nad Hnilcom, Gymn\u00e1zium Gelnica, New School Oslo, spolo\u010dnosti Mediinvest Pre\u0161ov&nbsp; a Ministerstvu invest\u00edci\u00ed, region\u00e1lneho rozvoja a informatiz\u00e1cie. Tento projekt nie je [&hellip;]","og_url":"https:\/\/www.jednotavrozmanitosti.eu\/?page_id=1353","article_modified_time":"2024-04-18T20:26:55+00:00","og_image":[{"url":"https:\/\/www.jednotavrozmanitosti.eu\/wp-content\/uploads\/2024\/04\/IMG_20240412_140711-1024x768.jpg"}],"twitter_card":"summary_large_image","twitter_misc":{"Predpokladan\u00fd \u010das \u010d\u00edtania":"2 min\u00faty"},"schema":{"@context":"https:\/\/schema.org","@graph":[{"@type":"WebSite","@id":"https:\/\/www.jednotavrozmanitosti.eu\/#website","url":"https:\/\/www.jednotavrozmanitosti.eu\/","name":"","description":",,Spolo\u010dn\u00fdm \u00fasil\u00edm k\u00a0zelenej, konkurencieschopnej a\u00a0inkluz\u00edvnej Eur\u00f3pe.\u201c","potentialAction":[{"@type":"SearchAction","target":{"@type":"EntryPoint","urlTemplate":"https:\/\/www.jednotavrozmanitosti.eu\/?s={search_term_string}"},"query-input":"required name=search_term_string"}],"inLanguage":"sk-SK"},{"@type":"WebPage","@id":"https:\/\/www.jednotavrozmanitosti.eu\/?page_id=1353","url":"https:\/\/www.jednotavrozmanitosti.eu\/?page_id=1353","name":"Z\u00e1vere\u010dn\u00e1 konferencia -","isPartOf":{"@id":"https:\/\/www.jednotavrozmanitosti.eu\/#website"},"datePublished":"2024-04-18T20:22:53+00:00","dateModified":"2024-04-18T20:26:55+00:00","breadcrumb":{"@id":"https:\/\/www.jednotavrozmanitosti.eu\/?page_id=1353#breadcrumb"},"inLanguage":"sk-SK","potentialAction":[{"@type":"ReadAction","target":["https:\/\/www.jednotavrozmanitosti.eu\/?page_id=1353"]}]},{"@type":"BreadcrumbList","@id":"https:\/\/www.jednotavrozmanitosti.eu\/?page_id=1353#breadcrumb","itemListElement":[{"@type":"ListItem","position":1,"name":"Home","item":"https:\/\/www.jednotavrozmanitosti.eu\/"},{"@type":"ListItem","position":2,"name":"Aktuality\/ Novinky","item":"https:\/\/www.jednotavrozmanitosti.eu\/?page_id=127"},{"@type":"ListItem","position":3,"name":"Z\u00e1vere\u010dn\u00e1 konferencia"}]}]}},"_links":{"self":[{"href":"https:\/\/www.jednotavrozmanitosti.eu\/index.php?rest_route=\/wp\/v2\/pages\/1353"}],"collection":[{"href":"https:\/\/www.jednotavrozmanitosti.eu\/index.php?rest_route=\/wp\/v2\/pages"}],"about":[{"href":"https:\/\/www.jednotavrozmanitosti.eu\/index.php?rest_route=\/wp\/v2\/types\/page"}],"author":[{"embeddable":true,"href":"https:\/\/www.jednotavrozmanitosti.eu\/index.php?rest_route=\/wp\/v2\/users\/2"}],"replies":[{"embeddable":true,"href":"https:\/\/www.jednotavrozmanitosti.eu\/index.php?rest_route=%2Fwp%2Fv2%2Fcomments&post=1353"}],"version-history":[{"count":2,"href":"https:\/\/www.jednotavrozmanitosti.eu\/index.php?rest_route=\/wp\/v2\/pages\/1353\/revisions"}],"predecessor-version":[{"id":1364,"href":"https:\/\/www.jednotavrozmanitosti.eu\/index.php?rest_route=\/wp\/v2\/pages\/1353\/revisions\/1364"}],"up":[{"embeddable":true,"href":"https:\/\/www.jednotavrozmanitosti.eu\/index.php?rest_route=\/wp\/v2\/pages\/127"}],"wp:attachment":[{"href":"https:\/\/www.jednotavrozmanitosti.eu\/index.php?rest_route=%2Fwp%2Fv2%2Fmedia&parent=1353"}],"curies":[{"name":"wp","href":"https:\/\/api.w.org\/{rel}","templated":true}]}}