{"id":157,"date":"2022-04-08T08:43:34","date_gmt":"2022-04-08T06:43:34","guid":{"rendered":"https:\/\/www.jednotavrozmanitosti.eu\/?page_id=157"},"modified":"2022-07-04T08:33:08","modified_gmt":"2022-07-04T06:33:08","slug":"otvaracia-konferencia","status":"publish","type":"page","link":"https:\/\/www.jednotavrozmanitosti.eu\/?page_id=157","title":{"rendered":"Otv\u00e1racia konferencia"},"content":{"rendered":"\n<div class=\"wp-container-2 wp-block-columns\">\n<div class=\"wp-container-1 wp-block-column\">\n<p class=\"has-text-align-center\"><strong>Obec Prakovce<\/strong> ako <strong>prij\u00edmate\u013e<\/strong> nen\u00e1vratn\u00e9ho finan\u010dn\u00e9ho pr\u00edspevku z&nbsp;<strong>N\u00f3rskeho grantu a&nbsp;\u0161t\u00e1tneho rozpo\u010dtu Slovenskej republiky<\/strong> v&nbsp;r\u00e1mci programu <strong>,,Miestny rozvoj, a&nbsp;inkl\u00fazia\u201c<\/strong> spe\u010datil svoju spolupr\u00e1cu v&nbsp;r\u00e1mci projektu LDI01008 ,,Jednota v&nbsp;rozmanitosti\u201c &#8211; ,,Unity through Diversity\u201c s&nbsp;partnermi&nbsp; <strong>Gymn\u00e1zium &nbsp;Gelnica (SR), Obec Mn\u00ed\u0161ek nad Hnilcom (SR) a &nbsp;New School (N\u00f3rsko)<\/strong> na <strong>otv\u00e1racej konferenci<\/strong>i, ktor\u00e1 sa uskuto\u010dnila <strong>26.10.2021 <\/strong>na Oc\u00da Prakovce.<\/p>\n<\/div>\n<\/div>\n\n\n\n<figure class=\"wp-container-4 wp-block-gallery-3 wp-block-gallery has-nested-images columns-default is-cropped\">\n<figure class=\"wp-block-image size-thumbnail is-style-default\"><img loading=\"lazy\" width=\"150\" height=\"150\" data-id=\"49\"  src=\"https:\/\/www.jednotavrozmanitosti.eu\/wp-content\/uploads\/2022\/04\/049-150x150.jpg\" alt=\"\" class=\"wp-image-49\"\/><\/figure>\n\n\n\n<figure class=\"wp-block-image size-thumbnail is-style-default\"><img loading=\"lazy\" width=\"150\" height=\"150\" data-id=\"50\"  src=\"https:\/\/www.jednotavrozmanitosti.eu\/wp-content\/uploads\/2022\/04\/047-150x150.jpg\" alt=\"\" class=\"wp-image-50\"\/><\/figure>\n\n\n\n<figure class=\"wp-block-image size-thumbnail is-style-default\"><img loading=\"lazy\" width=\"150\" height=\"150\" data-id=\"46\"  src=\"https:\/\/www.jednotavrozmanitosti.eu\/wp-content\/uploads\/2022\/04\/027-150x150.jpg\" alt=\"\" class=\"wp-image-46\"\/><\/figure>\n\n\n\n<figure class=\"wp-block-image size-thumbnail is-style-default\"><img loading=\"lazy\" width=\"150\" height=\"150\" data-id=\"47\"  src=\"https:\/\/www.jednotavrozmanitosti.eu\/wp-content\/uploads\/2022\/04\/036-150x150.jpg\" alt=\"\" class=\"wp-image-47\"\/><\/figure>\n\n\n\n<figure class=\"wp-block-image size-thumbnail is-style-default\"><img loading=\"lazy\" width=\"150\" height=\"150\" data-id=\"48\"  src=\"https:\/\/www.jednotavrozmanitosti.eu\/wp-content\/uploads\/2022\/04\/044-150x150.jpg\" alt=\"\" class=\"wp-image-48\"\/><\/figure>\n\n\n\n<figure class=\"wp-block-image size-thumbnail is-style-default\"><img loading=\"lazy\" width=\"150\" height=\"150\" data-id=\"160\"  src=\"https:\/\/www.jednotavrozmanitosti.eu\/wp-content\/uploads\/2022\/04\/043-150x150.jpg\" alt=\"\" class=\"wp-image-160\"\/><\/figure>\n\n\n\n<figure class=\"wp-block-image size-thumbnail is-style-default\"><img loading=\"lazy\" width=\"150\" height=\"150\" data-id=\"161\"  src=\"https:\/\/www.jednotavrozmanitosti.eu\/wp-content\/uploads\/2022\/04\/068-150x150.jpg\" alt=\"\" class=\"wp-image-161\"\/><\/figure>\n\n\n\n<figure class=\"wp-block-image size-thumbnail is-style-default\"><img loading=\"lazy\" width=\"150\" height=\"150\" data-id=\"163\"  src=\"https:\/\/www.jednotavrozmanitosti.eu\/wp-content\/uploads\/2022\/04\/044-1-150x150.jpg\" alt=\"\" class=\"wp-image-163\"\/><\/figure>\n\n\n\n<figure class=\"wp-block-image size-thumbnail is-style-default\"><img loading=\"lazy\" width=\"150\" height=\"150\" data-id=\"204\"  src=\"https:\/\/www.jednotavrozmanitosti.eu\/wp-content\/uploads\/2022\/04\/040-150x150.jpg\" alt=\"\" class=\"wp-image-204\"\/><\/figure>\n<\/figure>\n\n\n\n<p><\/p>\n","protected":false},"excerpt":{"rendered":"<p>Obec Prakovce ako prij\u00edmate\u013e nen\u00e1vratn\u00e9ho finan\u010dn\u00e9ho pr\u00edspevku z&nbsp;N\u00f3rskeho grantu a&nbsp;\u0161t\u00e1tneho rozpo\u010dtu Slovenskej republiky v&nbsp;r\u00e1mci programu ,,Miestny rozvoj, a&nbsp;inkl\u00fazia\u201c spe\u010datil svoju spolupr\u00e1cu v&nbsp;r\u00e1mci projektu LDI01008 ,,Jednota v&nbsp;rozmanitosti\u201c &#8211; ,,Unity through Diversity\u201c s&nbsp;partnermi&nbsp; Gymn\u00e1zium &nbsp;Gelnica (SR), Obec Mn\u00ed\u0161ek nad Hnilcom (SR) a &nbsp;New School (N\u00f3rsko) na otv\u00e1racej konferencii, ktor\u00e1 sa uskuto\u010dnila 26.10.2021 na Oc\u00da Prakovce.<\/p>\n","protected":false},"author":2,"featured_media":0,"parent":127,"menu_order":1,"comment_status":"closed","ping_status":"closed","template":"","meta":{"_monsterinsights_skip_tracking":false,"_monsterinsights_sitenote_active":false,"_monsterinsights_sitenote_note":"","_monsterinsights_sitenote_category":0},"yoast_head":"<!-- This site is optimized with the Yoast SEO plugin v19.4 - https:\/\/yoast.com\/wordpress\/plugins\/seo\/ -->\n<title>Otv\u00e1racia konferencia -<\/title>\n<meta name=\"robots\" content=\"index, follow, max-snippet:-1, max-image-preview:large, max-video-preview:-1\" \/>\n<link rel=\"canonical\" href=\"https:\/\/www.jednotavrozmanitosti.eu\/?page_id=157\" \/>\n<meta property=\"og:locale\" content=\"sk_SK\" \/>\n<meta property=\"og:type\" content=\"article\" \/>\n<meta property=\"og:title\" content=\"Otv\u00e1racia konferencia -\" \/>\n<meta property=\"og:description\" content=\"Obec Prakovce ako prij\u00edmate\u013e nen\u00e1vratn\u00e9ho finan\u010dn\u00e9ho pr\u00edspevku z&nbsp;N\u00f3rskeho grantu a&nbsp;\u0161t\u00e1tneho rozpo\u010dtu Slovenskej republiky v&nbsp;r\u00e1mci programu ,,Miestny rozvoj, a&nbsp;inkl\u00fazia\u201c spe\u010datil svoju spolupr\u00e1cu v&nbsp;r\u00e1mci projektu LDI01008 ,,Jednota v&nbsp;rozmanitosti\u201c &#8211; ,,Unity through Diversity\u201c s&nbsp;partnermi&nbsp; Gymn\u00e1zium &nbsp;Gelnica (SR), Obec Mn\u00ed\u0161ek nad Hnilcom (SR) a &nbsp;New School (N\u00f3rsko) na otv\u00e1racej konferencii, ktor\u00e1 sa uskuto\u010dnila 26.10.2021 na Oc\u00da Prakovce.\" \/>\n<meta property=\"og:url\" content=\"https:\/\/www.jednotavrozmanitosti.eu\/?page_id=157\" \/>\n<meta property=\"article:modified_time\" content=\"2022-07-04T06:33:08+00:00\" \/>\n<meta property=\"og:image\" content=\"https:\/\/www.jednotavrozmanitosti.eu\/wp-content\/uploads\/2022\/04\/049-150x150.jpg\" \/>\n<meta name=\"twitter:card\" content=\"summary_large_image\" \/>\n<meta name=\"twitter:label1\" content=\"Predpokladan\u00fd \u010das \u010d\u00edtania\" \/>\n\t<meta name=\"twitter:data1\" content=\"3 min\u00faty\" \/>\n<script type=\"application\/ld+json\" class=\"yoast-schema-graph\">{\"@context\":\"https:\/\/schema.org\",\"@graph\":[{\"@type\":\"WebSite\",\"@id\":\"https:\/\/www.jednotavrozmanitosti.eu\/#website\",\"url\":\"https:\/\/www.jednotavrozmanitosti.eu\/\",\"name\":\"\",\"description\":\",,Spolo\u010dn\u00fdm \u00fasil\u00edm k\u00a0zelenej, konkurencieschopnej a\u00a0inkluz\u00edvnej Eur\u00f3pe.\u201c\",\"potentialAction\":[{\"@type\":\"SearchAction\",\"target\":{\"@type\":\"EntryPoint\",\"urlTemplate\":\"https:\/\/www.jednotavrozmanitosti.eu\/?s={search_term_string}\"},\"query-input\":\"required name=search_term_string\"}],\"inLanguage\":\"sk-SK\"},{\"@type\":\"WebPage\",\"@id\":\"https:\/\/www.jednotavrozmanitosti.eu\/?page_id=157\",\"url\":\"https:\/\/www.jednotavrozmanitosti.eu\/?page_id=157\",\"name\":\"Otv\u00e1racia konferencia -\",\"isPartOf\":{\"@id\":\"https:\/\/www.jednotavrozmanitosti.eu\/#website\"},\"datePublished\":\"2022-04-08T06:43:34+00:00\",\"dateModified\":\"2022-07-04T06:33:08+00:00\",\"breadcrumb\":{\"@id\":\"https:\/\/www.jednotavrozmanitosti.eu\/?page_id=157#breadcrumb\"},\"inLanguage\":\"sk-SK\",\"potentialAction\":[{\"@type\":\"ReadAction\",\"target\":[\"https:\/\/www.jednotavrozmanitosti.eu\/?page_id=157\"]}]},{\"@type\":\"BreadcrumbList\",\"@id\":\"https:\/\/www.jednotavrozmanitosti.eu\/?page_id=157#breadcrumb\",\"itemListElement\":[{\"@type\":\"ListItem\",\"position\":1,\"name\":\"Home\",\"item\":\"https:\/\/www.jednotavrozmanitosti.eu\/\"},{\"@type\":\"ListItem\",\"position\":2,\"name\":\"Aktuality\/ Novinky\",\"item\":\"https:\/\/www.jednotavrozmanitosti.eu\/?page_id=127\"},{\"@type\":\"ListItem\",\"position\":3,\"name\":\"Otv\u00e1racia konferencia\"}]}]}<\/script>\n<!-- \/ Yoast SEO plugin. -->","yoast_head_json":{"title":"Otv\u00e1racia konferencia -","robots":{"index":"index","follow":"follow","max-snippet":"max-snippet:-1","max-image-preview":"max-image-preview:large","max-video-preview":"max-video-preview:-1"},"canonical":"https:\/\/www.jednotavrozmanitosti.eu\/?page_id=157","og_locale":"sk_SK","og_type":"article","og_title":"Otv\u00e1racia konferencia -","og_description":"Obec Prakovce ako prij\u00edmate\u013e nen\u00e1vratn\u00e9ho finan\u010dn\u00e9ho pr\u00edspevku z&nbsp;N\u00f3rskeho grantu a&nbsp;\u0161t\u00e1tneho rozpo\u010dtu Slovenskej republiky v&nbsp;r\u00e1mci programu ,,Miestny rozvoj, a&nbsp;inkl\u00fazia\u201c spe\u010datil svoju spolupr\u00e1cu v&nbsp;r\u00e1mci projektu LDI01008 ,,Jednota v&nbsp;rozmanitosti\u201c &#8211; ,,Unity through Diversity\u201c s&nbsp;partnermi&nbsp; Gymn\u00e1zium &nbsp;Gelnica (SR), Obec Mn\u00ed\u0161ek nad Hnilcom (SR) a &nbsp;New School (N\u00f3rsko) na otv\u00e1racej konferencii, ktor\u00e1 sa uskuto\u010dnila 26.10.2021 na Oc\u00da Prakovce.","og_url":"https:\/\/www.jednotavrozmanitosti.eu\/?page_id=157","article_modified_time":"2022-07-04T06:33:08+00:00","og_image":[{"url":"https:\/\/www.jednotavrozmanitosti.eu\/wp-content\/uploads\/2022\/04\/049-150x150.jpg"}],"twitter_card":"summary_large_image","twitter_misc":{"Predpokladan\u00fd \u010das \u010d\u00edtania":"3 min\u00faty"},"schema":{"@context":"https:\/\/schema.org","@graph":[{"@type":"WebSite","@id":"https:\/\/www.jednotavrozmanitosti.eu\/#website","url":"https:\/\/www.jednotavrozmanitosti.eu\/","name":"","description":",,Spolo\u010dn\u00fdm \u00fasil\u00edm k\u00a0zelenej, konkurencieschopnej a\u00a0inkluz\u00edvnej Eur\u00f3pe.\u201c","potentialAction":[{"@type":"SearchAction","target":{"@type":"EntryPoint","urlTemplate":"https:\/\/www.jednotavrozmanitosti.eu\/?s={search_term_string}"},"query-input":"required name=search_term_string"}],"inLanguage":"sk-SK"},{"@type":"WebPage","@id":"https:\/\/www.jednotavrozmanitosti.eu\/?page_id=157","url":"https:\/\/www.jednotavrozmanitosti.eu\/?page_id=157","name":"Otv\u00e1racia konferencia -","isPartOf":{"@id":"https:\/\/www.jednotavrozmanitosti.eu\/#website"},"datePublished":"2022-04-08T06:43:34+00:00","dateModified":"2022-07-04T06:33:08+00:00","breadcrumb":{"@id":"https:\/\/www.jednotavrozmanitosti.eu\/?page_id=157#breadcrumb"},"inLanguage":"sk-SK","potentialAction":[{"@type":"ReadAction","target":["https:\/\/www.jednotavrozmanitosti.eu\/?page_id=157"]}]},{"@type":"BreadcrumbList","@id":"https:\/\/www.jednotavrozmanitosti.eu\/?page_id=157#breadcrumb","itemListElement":[{"@type":"ListItem","position":1,"name":"Home","item":"https:\/\/www.jednotavrozmanitosti.eu\/"},{"@type":"ListItem","position":2,"name":"Aktuality\/ Novinky","item":"https:\/\/www.jednotavrozmanitosti.eu\/?page_id=127"},{"@type":"ListItem","position":3,"name":"Otv\u00e1racia konferencia"}]}]}},"_links":{"self":[{"href":"https:\/\/www.jednotavrozmanitosti.eu\/index.php?rest_route=\/wp\/v2\/pages\/157"}],"collection":[{"href":"https:\/\/www.jednotavrozmanitosti.eu\/index.php?rest_route=\/wp\/v2\/pages"}],"about":[{"href":"https:\/\/www.jednotavrozmanitosti.eu\/index.php?rest_route=\/wp\/v2\/types\/page"}],"author":[{"embeddable":true,"href":"https:\/\/www.jednotavrozmanitosti.eu\/index.php?rest_route=\/wp\/v2\/users\/2"}],"replies":[{"embeddable":true,"href":"https:\/\/www.jednotavrozmanitosti.eu\/index.php?rest_route=%2Fwp%2Fv2%2Fcomments&post=157"}],"version-history":[{"count":6,"href":"https:\/\/www.jednotavrozmanitosti.eu\/index.php?rest_route=\/wp\/v2\/pages\/157\/revisions"}],"predecessor-version":[{"id":991,"href":"https:\/\/www.jednotavrozmanitosti.eu\/index.php?rest_route=\/wp\/v2\/pages\/157\/revisions\/991"}],"up":[{"embeddable":true,"href":"https:\/\/www.jednotavrozmanitosti.eu\/index.php?rest_route=\/wp\/v2\/pages\/127"}],"wp:attachment":[{"href":"https:\/\/www.jednotavrozmanitosti.eu\/index.php?rest_route=%2Fwp%2Fv2%2Fmedia&parent=157"}],"curies":[{"name":"wp","href":"https:\/\/api.w.org\/{rel}","templated":true}]}}