{"id":187,"date":"2022-04-08T09:39:36","date_gmt":"2022-04-08T07:39:36","guid":{"rendered":"https:\/\/www.jednotavrozmanitosti.eu\/?page_id=187"},"modified":"2024-03-22T00:32:41","modified_gmt":"2024-03-21T23:32:41","slug":"rozvoj-telesnych-a-dusevnych-schopnosti","status":"publish","type":"page","link":"https:\/\/www.jednotavrozmanitosti.eu\/?page_id=187","title":{"rendered":"Rozvoj telesn\u00fdch a du\u0161evn\u00fdch schopnost\u00ed"},"content":{"rendered":"\n<div class=\"wp-container-6 wp-block-columns\">\n<div class=\"wp-container-5 wp-block-column\" style=\"flex-basis:100%\">\n<div class=\"wp-container-4 wp-block-columns\">\n<div class=\"wp-container-3 wp-block-column\" style=\"flex-basis:100%\">\n<div class=\"wp-container-2 wp-block-columns\">\n<div class=\"wp-container-1 wp-block-column\">\n<p>Podporme zdrav\u00fd du\u0161evn\u00fd a&nbsp;telesn\u00fd rozvoj det\u00ed a&nbsp;ml\u00e1de\u017ee regi\u00f3nu aktivitami, ktor\u00e9 prebiehaj\u00fa od okt\u00f3bra 2021 do apr\u00edla 2023.<\/p>\n\n\n\n<p>\u010co za\u017eijeme?<\/p>\n\n\n\n<p><strong>Rozvoj ducha &#8211; umeleck\u00e9 a&nbsp;kult\u00farne vzdel\u00e1vanie<\/strong> cez zauj\u00edmav\u00e9 workshopy a&nbsp;z\u00e1\u017eitkov\u00e9 vzdel\u00e1vanie \u201eU&nbsp;n\u00e1s je to takto\u201c&nbsp; (Medzin\u00e1rodn\u00fd de\u0148 R\u00f3mov), Pr\u00edbeh vody, \u017div\u00e1 u\u010deb\u0148a.<\/p>\n\n\n\n<p><strong>Rozvoj tela \u2013 \u0161port pre v\u0161etk\u00fdch&nbsp; <\/strong>v\u010faka zmyslupln\u00e9mu tr\u00e1veniu vo\u013en\u00e9ho \u010dasu v&nbsp;r\u00e1mci \u0160portovej akad\u00e9mie, Volejbalov\u00e9ho turnaja, Poh\u00e1ra \u0161koly vo vyb\u00edjanej \u017eiakov a&nbsp;Turnaja v&nbsp;malom futbale na Multifunk\u010dnom ihrisku v&nbsp;obci Mn\u00ed\u0161ek nad Hnilcom. Prispeje k&nbsp;tomu i&nbsp;podnetn\u00fd workshop olympijsk\u00fd \u0161port S\u00e1nkovanie.<\/p>\n\n\n\n<p>Te\u0161\u00edme sa!<\/p>\n<\/div>\n<\/div>\n<\/div>\n<\/div>\n<\/div>\n<\/div>\n\n\n\n<div class=\"wp-container-9 wp-block-columns\">\n<div class=\"wp-container-7 wp-block-column\">\n<figure class=\"wp-block-video\"><video controls src=\"https:\/\/www.jednotavrozmanitosti.eu\/wp-content\/uploads\/2022\/05\/den-Romov-1.mp4\"><\/video><figcaption>                                                                       ,, U n\u00e1s je to takto&#8220;                                                                                                                                                    \/ &#8222;It&#8217;s like this with us&#8220;<\/figcaption><\/figure>\n<\/div>\n\n\n\n<div class=\"wp-container-8 wp-block-column\">\n<figure class=\"wp-block-video\"><video controls src=\"https:\/\/www.jednotavrozmanitosti.eu\/wp-content\/uploads\/2022\/05\/1.2-Zazime-pocity-vitazov-1.mp4\"><\/video><figcaption>                                                                     Za\u017eime pocity v\u00ed\u0165azov                                                                                                                                 \/ We will experience the feelings of the winners<\/figcaption><\/figure>\n<\/div>\n<\/div>\n\n\n\n<div class=\"wp-container-12 wp-block-columns\">\n<div class=\"wp-container-10 wp-block-column\">\n<figure class=\"wp-block-video\"><video controls src=\"https:\/\/www.jednotavrozmanitosti.eu\/wp-content\/uploads\/2024\/03\/Spolocnym-usilim-k-zelenej-konkurencieschopnej-a-inkluzivnej-Europe..mp4\"><\/video><\/figure>\n<\/div>\n\n\n\n<div class=\"wp-container-11 wp-block-column\"><\/div>\n<\/div>\n","protected":false},"excerpt":{"rendered":"<p>Podporme zdrav\u00fd du\u0161evn\u00fd a&nbsp;telesn\u00fd rozvoj det\u00ed a&nbsp;ml\u00e1de\u017ee regi\u00f3nu aktivitami, ktor\u00e9 prebiehaj\u00fa od okt\u00f3bra 2021 do apr\u00edla 2023. \u010co za\u017eijeme? Rozvoj ducha &#8211; umeleck\u00e9 a&nbsp;kult\u00farne vzdel\u00e1vanie cez zauj\u00edmav\u00e9 workshopy a&nbsp;z\u00e1\u017eitkov\u00e9 vzdel\u00e1vanie \u201eU&nbsp;n\u00e1s je to takto\u201c&nbsp; (Medzin\u00e1rodn\u00fd de\u0148 R\u00f3mov), Pr\u00edbeh vody, \u017div\u00e1 u\u010deb\u0148a. Rozvoj tela \u2013 \u0161port pre v\u0161etk\u00fdch&nbsp; v\u010faka zmyslupln\u00e9mu tr\u00e1veniu vo\u013en\u00e9ho \u010dasu v&nbsp;r\u00e1mci \u0160portovej akad\u00e9mie, [&hellip;]<\/p>\n","protected":false},"author":2,"featured_media":0,"parent":127,"menu_order":1,"comment_status":"closed","ping_status":"closed","template":"","meta":{"_monsterinsights_skip_tracking":false,"_monsterinsights_sitenote_active":false,"_monsterinsights_sitenote_note":"","_monsterinsights_sitenote_category":0},"yoast_head":"<!-- This site is optimized with the Yoast SEO plugin v19.4 - https:\/\/yoast.com\/wordpress\/plugins\/seo\/ -->\n<title>Rozvoj telesn\u00fdch a du\u0161evn\u00fdch schopnost\u00ed -<\/title>\n<meta name=\"robots\" content=\"index, follow, max-snippet:-1, max-image-preview:large, max-video-preview:-1\" \/>\n<link rel=\"canonical\" href=\"https:\/\/www.jednotavrozmanitosti.eu\/?page_id=187\" \/>\n<meta property=\"og:locale\" content=\"sk_SK\" \/>\n<meta property=\"og:type\" content=\"article\" \/>\n<meta property=\"og:title\" content=\"Rozvoj telesn\u00fdch a du\u0161evn\u00fdch schopnost\u00ed -\" \/>\n<meta property=\"og:description\" content=\"Podporme zdrav\u00fd du\u0161evn\u00fd a&nbsp;telesn\u00fd rozvoj det\u00ed a&nbsp;ml\u00e1de\u017ee regi\u00f3nu aktivitami, ktor\u00e9 prebiehaj\u00fa od okt\u00f3bra 2021 do apr\u00edla 2023. \u010co za\u017eijeme? Rozvoj ducha &#8211; umeleck\u00e9 a&nbsp;kult\u00farne vzdel\u00e1vanie cez zauj\u00edmav\u00e9 workshopy a&nbsp;z\u00e1\u017eitkov\u00e9 vzdel\u00e1vanie \u201eU&nbsp;n\u00e1s je to takto\u201c&nbsp; (Medzin\u00e1rodn\u00fd de\u0148 R\u00f3mov), Pr\u00edbeh vody, \u017div\u00e1 u\u010deb\u0148a. Rozvoj tela \u2013 \u0161port pre v\u0161etk\u00fdch&nbsp; v\u010faka zmyslupln\u00e9mu tr\u00e1veniu vo\u013en\u00e9ho \u010dasu v&nbsp;r\u00e1mci \u0160portovej akad\u00e9mie, [&hellip;]\" \/>\n<meta property=\"og:url\" content=\"https:\/\/www.jednotavrozmanitosti.eu\/?page_id=187\" \/>\n<meta property=\"article:modified_time\" content=\"2024-03-21T23:32:41+00:00\" \/>\n<meta name=\"twitter:card\" content=\"summary_large_image\" \/>\n<meta name=\"twitter:label1\" content=\"Predpokladan\u00fd \u010das \u010d\u00edtania\" \/>\n\t<meta name=\"twitter:data1\" content=\"1 min\u00fata\" \/>\n<script type=\"application\/ld+json\" class=\"yoast-schema-graph\">{\"@context\":\"https:\/\/schema.org\",\"@graph\":[{\"@type\":\"WebSite\",\"@id\":\"https:\/\/www.jednotavrozmanitosti.eu\/#website\",\"url\":\"https:\/\/www.jednotavrozmanitosti.eu\/\",\"name\":\"\",\"description\":\",,Spolo\u010dn\u00fdm \u00fasil\u00edm k\u00a0zelenej, konkurencieschopnej a\u00a0inkluz\u00edvnej Eur\u00f3pe.\u201c\",\"potentialAction\":[{\"@type\":\"SearchAction\",\"target\":{\"@type\":\"EntryPoint\",\"urlTemplate\":\"https:\/\/www.jednotavrozmanitosti.eu\/?s={search_term_string}\"},\"query-input\":\"required name=search_term_string\"}],\"inLanguage\":\"sk-SK\"},{\"@type\":\"WebPage\",\"@id\":\"https:\/\/www.jednotavrozmanitosti.eu\/?page_id=187\",\"url\":\"https:\/\/www.jednotavrozmanitosti.eu\/?page_id=187\",\"name\":\"Rozvoj telesn\u00fdch a du\u0161evn\u00fdch schopnost\u00ed -\",\"isPartOf\":{\"@id\":\"https:\/\/www.jednotavrozmanitosti.eu\/#website\"},\"datePublished\":\"2022-04-08T07:39:36+00:00\",\"dateModified\":\"2024-03-21T23:32:41+00:00\",\"breadcrumb\":{\"@id\":\"https:\/\/www.jednotavrozmanitosti.eu\/?page_id=187#breadcrumb\"},\"inLanguage\":\"sk-SK\",\"potentialAction\":[{\"@type\":\"ReadAction\",\"target\":[\"https:\/\/www.jednotavrozmanitosti.eu\/?page_id=187\"]}]},{\"@type\":\"BreadcrumbList\",\"@id\":\"https:\/\/www.jednotavrozmanitosti.eu\/?page_id=187#breadcrumb\",\"itemListElement\":[{\"@type\":\"ListItem\",\"position\":1,\"name\":\"Home\",\"item\":\"https:\/\/www.jednotavrozmanitosti.eu\/\"},{\"@type\":\"ListItem\",\"position\":2,\"name\":\"Aktuality\/ Novinky\",\"item\":\"https:\/\/www.jednotavrozmanitosti.eu\/?page_id=127\"},{\"@type\":\"ListItem\",\"position\":3,\"name\":\"Rozvoj telesn\u00fdch a du\u0161evn\u00fdch schopnost\u00ed\"}]}]}<\/script>\n<!-- \/ Yoast SEO plugin. -->","yoast_head_json":{"title":"Rozvoj telesn\u00fdch a du\u0161evn\u00fdch schopnost\u00ed -","robots":{"index":"index","follow":"follow","max-snippet":"max-snippet:-1","max-image-preview":"max-image-preview:large","max-video-preview":"max-video-preview:-1"},"canonical":"https:\/\/www.jednotavrozmanitosti.eu\/?page_id=187","og_locale":"sk_SK","og_type":"article","og_title":"Rozvoj telesn\u00fdch a du\u0161evn\u00fdch schopnost\u00ed -","og_description":"Podporme zdrav\u00fd du\u0161evn\u00fd a&nbsp;telesn\u00fd rozvoj det\u00ed a&nbsp;ml\u00e1de\u017ee regi\u00f3nu aktivitami, ktor\u00e9 prebiehaj\u00fa od okt\u00f3bra 2021 do apr\u00edla 2023. \u010co za\u017eijeme? Rozvoj ducha &#8211; umeleck\u00e9 a&nbsp;kult\u00farne vzdel\u00e1vanie cez zauj\u00edmav\u00e9 workshopy a&nbsp;z\u00e1\u017eitkov\u00e9 vzdel\u00e1vanie \u201eU&nbsp;n\u00e1s je to takto\u201c&nbsp; (Medzin\u00e1rodn\u00fd de\u0148 R\u00f3mov), Pr\u00edbeh vody, \u017div\u00e1 u\u010deb\u0148a. Rozvoj tela \u2013 \u0161port pre v\u0161etk\u00fdch&nbsp; v\u010faka zmyslupln\u00e9mu tr\u00e1veniu vo\u013en\u00e9ho \u010dasu v&nbsp;r\u00e1mci \u0160portovej akad\u00e9mie, [&hellip;]","og_url":"https:\/\/www.jednotavrozmanitosti.eu\/?page_id=187","article_modified_time":"2024-03-21T23:32:41+00:00","twitter_card":"summary_large_image","twitter_misc":{"Predpokladan\u00fd \u010das \u010d\u00edtania":"1 min\u00fata"},"schema":{"@context":"https:\/\/schema.org","@graph":[{"@type":"WebSite","@id":"https:\/\/www.jednotavrozmanitosti.eu\/#website","url":"https:\/\/www.jednotavrozmanitosti.eu\/","name":"","description":",,Spolo\u010dn\u00fdm \u00fasil\u00edm k\u00a0zelenej, konkurencieschopnej a\u00a0inkluz\u00edvnej Eur\u00f3pe.\u201c","potentialAction":[{"@type":"SearchAction","target":{"@type":"EntryPoint","urlTemplate":"https:\/\/www.jednotavrozmanitosti.eu\/?s={search_term_string}"},"query-input":"required name=search_term_string"}],"inLanguage":"sk-SK"},{"@type":"WebPage","@id":"https:\/\/www.jednotavrozmanitosti.eu\/?page_id=187","url":"https:\/\/www.jednotavrozmanitosti.eu\/?page_id=187","name":"Rozvoj telesn\u00fdch a du\u0161evn\u00fdch schopnost\u00ed -","isPartOf":{"@id":"https:\/\/www.jednotavrozmanitosti.eu\/#website"},"datePublished":"2022-04-08T07:39:36+00:00","dateModified":"2024-03-21T23:32:41+00:00","breadcrumb":{"@id":"https:\/\/www.jednotavrozmanitosti.eu\/?page_id=187#breadcrumb"},"inLanguage":"sk-SK","potentialAction":[{"@type":"ReadAction","target":["https:\/\/www.jednotavrozmanitosti.eu\/?page_id=187"]}]},{"@type":"BreadcrumbList","@id":"https:\/\/www.jednotavrozmanitosti.eu\/?page_id=187#breadcrumb","itemListElement":[{"@type":"ListItem","position":1,"name":"Home","item":"https:\/\/www.jednotavrozmanitosti.eu\/"},{"@type":"ListItem","position":2,"name":"Aktuality\/ Novinky","item":"https:\/\/www.jednotavrozmanitosti.eu\/?page_id=127"},{"@type":"ListItem","position":3,"name":"Rozvoj telesn\u00fdch a du\u0161evn\u00fdch schopnost\u00ed"}]}]}},"_links":{"self":[{"href":"https:\/\/www.jednotavrozmanitosti.eu\/index.php?rest_route=\/wp\/v2\/pages\/187"}],"collection":[{"href":"https:\/\/www.jednotavrozmanitosti.eu\/index.php?rest_route=\/wp\/v2\/pages"}],"about":[{"href":"https:\/\/www.jednotavrozmanitosti.eu\/index.php?rest_route=\/wp\/v2\/types\/page"}],"author":[{"embeddable":true,"href":"https:\/\/www.jednotavrozmanitosti.eu\/index.php?rest_route=\/wp\/v2\/users\/2"}],"replies":[{"embeddable":true,"href":"https:\/\/www.jednotavrozmanitosti.eu\/index.php?rest_route=%2Fwp%2Fv2%2Fcomments&post=187"}],"version-history":[{"count":5,"href":"https:\/\/www.jednotavrozmanitosti.eu\/index.php?rest_route=\/wp\/v2\/pages\/187\/revisions"}],"predecessor-version":[{"id":1351,"href":"https:\/\/www.jednotavrozmanitosti.eu\/index.php?rest_route=\/wp\/v2\/pages\/187\/revisions\/1351"}],"up":[{"embeddable":true,"href":"https:\/\/www.jednotavrozmanitosti.eu\/index.php?rest_route=\/wp\/v2\/pages\/127"}],"wp:attachment":[{"href":"https:\/\/www.jednotavrozmanitosti.eu\/index.php?rest_route=%2Fwp%2Fv2%2Fmedia&parent=187"}],"curies":[{"name":"wp","href":"https:\/\/api.w.org\/{rel}","templated":true}]}}