{"id":614,"date":"2022-04-26T10:44:06","date_gmt":"2022-04-26T08:44:06","guid":{"rendered":"https:\/\/www.jednotavrozmanitosti.eu\/?page_id=614"},"modified":"2022-10-20T12:13:04","modified_gmt":"2022-10-20T10:13:04","slug":"nauc-ma-ako-mam-ucit","status":"publish","type":"page","link":"https:\/\/www.jednotavrozmanitosti.eu\/?page_id=614","title":{"rendered":"Chcem do\u0161tudova\u0165"},"content":{"rendered":"\n<div class=\"wp-container-2 wp-block-columns\">\n<div class=\"wp-container-1 wp-block-column\">\n<p>V&nbsp;r\u00e1mci projektu ,, Jednota v&nbsp;rozmanitosti\u201c prebiehaj\u00fa aktivity zameran\u00e9 na prevenciu pred\u010dasn\u00e9ho ukon\u010denia \u0161kolskej doch\u00e1dzky.<\/p>\n\n\n\n<p>V&nbsp;lete 2022 je pripraven\u00e1 ,,Letn\u00e1 \u0161kola pre deti\u201c, v ktorej sa bude vzdel\u00e1va\u0165 z\u00e1\u017eitkov\u00fdm u\u010den\u00edm.<\/p>\n\n\n\n<p>Pre pedag\u00f3gov a&nbsp;pracovn\u00edkov komunitn\u00e9ho centra je zorganizovan\u00fd workshop pln\u00fd ak\u010dn\u00e9ho u\u010denia a&nbsp;inov\u00e1ci\u00ed. Mentor vzdel\u00e1vania je partner projektu Newschool N\u00f3rsko.&nbsp;<\/p>\n<\/div>\n<\/div>\n\n\n\n<div class=\"wp-container-5 wp-block-columns\">\n<div class=\"wp-container-3 wp-block-column\">\n<figure class=\"wp-block-video\"><video controls src=\"https:\/\/www.jednotavrozmanitosti.eu\/wp-content\/uploads\/2022\/05\/Aktivita-5.2-3.mp4\"><\/video><figcaption>Nau\u010d ma, ako m\u00e1m u\u010di\u0165 (1 workshop)<\/figcaption><\/figure>\n<\/div>\n\n\n\n<div class=\"wp-container-4 wp-block-column\">\n<figure class=\"wp-block-video\"><video controls src=\"https:\/\/www.jednotavrozmanitosti.eu\/wp-content\/uploads\/2022\/08\/Aktivita-5.1-2.mp4\"><\/video><\/figure>\n<\/div>\n<\/div>\n\n\n\n<p><\/p>\n\n\n\n<div class=\"wp-container-8 wp-block-columns\">\n<div class=\"wp-container-6 wp-block-column\">\n<figure class=\"wp-block-video\"><video controls src=\"https:\/\/www.jednotavrozmanitosti.eu\/wp-content\/uploads\/2022\/10\/Aktivita-5.2.mp4\"><\/video><figcaption>Nau\u010d ma ako m\u00e1m u\u010di\u0165 (2 workshop)<\/figcaption><\/figure>\n<\/div>\n\n\n\n<div class=\"wp-container-7 wp-block-column\"><\/div>\n<\/div>\n","protected":false},"excerpt":{"rendered":"<p>V&nbsp;r\u00e1mci projektu ,, Jednota v&nbsp;rozmanitosti\u201c prebiehaj\u00fa aktivity zameran\u00e9 na prevenciu pred\u010dasn\u00e9ho ukon\u010denia \u0161kolskej doch\u00e1dzky. V&nbsp;lete 2022 je pripraven\u00e1 ,,Letn\u00e1 \u0161kola pre deti\u201c, v ktorej sa bude vzdel\u00e1va\u0165 z\u00e1\u017eitkov\u00fdm u\u010den\u00edm. Pre pedag\u00f3gov a&nbsp;pracovn\u00edkov komunitn\u00e9ho centra je zorganizovan\u00fd workshop pln\u00fd ak\u010dn\u00e9ho u\u010denia a&nbsp;inov\u00e1ci\u00ed. Mentor vzdel\u00e1vania je partner projektu Newschool N\u00f3rsko.&nbsp;<\/p>\n","protected":false},"author":2,"featured_media":0,"parent":127,"menu_order":4,"comment_status":"closed","ping_status":"closed","template":"","meta":{"_monsterinsights_skip_tracking":false,"_monsterinsights_sitenote_active":false,"_monsterinsights_sitenote_note":"","_monsterinsights_sitenote_category":0},"yoast_head":"<!-- This site is optimized with the Yoast SEO plugin v19.4 - https:\/\/yoast.com\/wordpress\/plugins\/seo\/ -->\n<title>Chcem do\u0161tudova\u0165 -<\/title>\n<meta name=\"robots\" content=\"index, follow, max-snippet:-1, max-image-preview:large, max-video-preview:-1\" \/>\n<link rel=\"canonical\" href=\"https:\/\/www.jednotavrozmanitosti.eu\/?page_id=614\" \/>\n<meta property=\"og:locale\" content=\"sk_SK\" \/>\n<meta property=\"og:type\" content=\"article\" \/>\n<meta property=\"og:title\" content=\"Chcem do\u0161tudova\u0165 -\" \/>\n<meta property=\"og:description\" content=\"V&nbsp;r\u00e1mci projektu ,, Jednota v&nbsp;rozmanitosti\u201c prebiehaj\u00fa aktivity zameran\u00e9 na prevenciu pred\u010dasn\u00e9ho ukon\u010denia \u0161kolskej doch\u00e1dzky. V&nbsp;lete 2022 je pripraven\u00e1 ,,Letn\u00e1 \u0161kola pre deti\u201c, v ktorej sa bude vzdel\u00e1va\u0165 z\u00e1\u017eitkov\u00fdm u\u010den\u00edm. Pre pedag\u00f3gov a&nbsp;pracovn\u00edkov komunitn\u00e9ho centra je zorganizovan\u00fd workshop pln\u00fd ak\u010dn\u00e9ho u\u010denia a&nbsp;inov\u00e1ci\u00ed. Mentor vzdel\u00e1vania je partner projektu Newschool N\u00f3rsko.&nbsp;\" \/>\n<meta property=\"og:url\" content=\"https:\/\/www.jednotavrozmanitosti.eu\/?page_id=614\" \/>\n<meta property=\"article:modified_time\" content=\"2022-10-20T10:13:04+00:00\" \/>\n<meta name=\"twitter:card\" content=\"summary_large_image\" \/>\n<meta name=\"twitter:label1\" content=\"Predpokladan\u00fd \u010das \u010d\u00edtania\" \/>\n\t<meta name=\"twitter:data1\" content=\"1 min\u00fata\" \/>\n<script type=\"application\/ld+json\" class=\"yoast-schema-graph\">{\"@context\":\"https:\/\/schema.org\",\"@graph\":[{\"@type\":\"WebSite\",\"@id\":\"https:\/\/www.jednotavrozmanitosti.eu\/#website\",\"url\":\"https:\/\/www.jednotavrozmanitosti.eu\/\",\"name\":\"\",\"description\":\",,Spolo\u010dn\u00fdm \u00fasil\u00edm k\u00a0zelenej, konkurencieschopnej a\u00a0inkluz\u00edvnej Eur\u00f3pe.\u201c\",\"potentialAction\":[{\"@type\":\"SearchAction\",\"target\":{\"@type\":\"EntryPoint\",\"urlTemplate\":\"https:\/\/www.jednotavrozmanitosti.eu\/?s={search_term_string}\"},\"query-input\":\"required name=search_term_string\"}],\"inLanguage\":\"sk-SK\"},{\"@type\":\"WebPage\",\"@id\":\"https:\/\/www.jednotavrozmanitosti.eu\/?page_id=614\",\"url\":\"https:\/\/www.jednotavrozmanitosti.eu\/?page_id=614\",\"name\":\"Chcem do\u0161tudova\u0165 -\",\"isPartOf\":{\"@id\":\"https:\/\/www.jednotavrozmanitosti.eu\/#website\"},\"datePublished\":\"2022-04-26T08:44:06+00:00\",\"dateModified\":\"2022-10-20T10:13:04+00:00\",\"breadcrumb\":{\"@id\":\"https:\/\/www.jednotavrozmanitosti.eu\/?page_id=614#breadcrumb\"},\"inLanguage\":\"sk-SK\",\"potentialAction\":[{\"@type\":\"ReadAction\",\"target\":[\"https:\/\/www.jednotavrozmanitosti.eu\/?page_id=614\"]}]},{\"@type\":\"BreadcrumbList\",\"@id\":\"https:\/\/www.jednotavrozmanitosti.eu\/?page_id=614#breadcrumb\",\"itemListElement\":[{\"@type\":\"ListItem\",\"position\":1,\"name\":\"Home\",\"item\":\"https:\/\/www.jednotavrozmanitosti.eu\/\"},{\"@type\":\"ListItem\",\"position\":2,\"name\":\"Aktuality\/ Novinky\",\"item\":\"https:\/\/www.jednotavrozmanitosti.eu\/?page_id=127\"},{\"@type\":\"ListItem\",\"position\":3,\"name\":\"Chcem do\u0161tudova\u0165\"}]}]}<\/script>\n<!-- \/ Yoast SEO plugin. -->","yoast_head_json":{"title":"Chcem do\u0161tudova\u0165 -","robots":{"index":"index","follow":"follow","max-snippet":"max-snippet:-1","max-image-preview":"max-image-preview:large","max-video-preview":"max-video-preview:-1"},"canonical":"https:\/\/www.jednotavrozmanitosti.eu\/?page_id=614","og_locale":"sk_SK","og_type":"article","og_title":"Chcem do\u0161tudova\u0165 -","og_description":"V&nbsp;r\u00e1mci projektu ,, Jednota v&nbsp;rozmanitosti\u201c prebiehaj\u00fa aktivity zameran\u00e9 na prevenciu pred\u010dasn\u00e9ho ukon\u010denia \u0161kolskej doch\u00e1dzky. V&nbsp;lete 2022 je pripraven\u00e1 ,,Letn\u00e1 \u0161kola pre deti\u201c, v ktorej sa bude vzdel\u00e1va\u0165 z\u00e1\u017eitkov\u00fdm u\u010den\u00edm. Pre pedag\u00f3gov a&nbsp;pracovn\u00edkov komunitn\u00e9ho centra je zorganizovan\u00fd workshop pln\u00fd ak\u010dn\u00e9ho u\u010denia a&nbsp;inov\u00e1ci\u00ed. Mentor vzdel\u00e1vania je partner projektu Newschool N\u00f3rsko.&nbsp;","og_url":"https:\/\/www.jednotavrozmanitosti.eu\/?page_id=614","article_modified_time":"2022-10-20T10:13:04+00:00","twitter_card":"summary_large_image","twitter_misc":{"Predpokladan\u00fd \u010das \u010d\u00edtania":"1 min\u00fata"},"schema":{"@context":"https:\/\/schema.org","@graph":[{"@type":"WebSite","@id":"https:\/\/www.jednotavrozmanitosti.eu\/#website","url":"https:\/\/www.jednotavrozmanitosti.eu\/","name":"","description":",,Spolo\u010dn\u00fdm \u00fasil\u00edm k\u00a0zelenej, konkurencieschopnej a\u00a0inkluz\u00edvnej Eur\u00f3pe.\u201c","potentialAction":[{"@type":"SearchAction","target":{"@type":"EntryPoint","urlTemplate":"https:\/\/www.jednotavrozmanitosti.eu\/?s={search_term_string}"},"query-input":"required name=search_term_string"}],"inLanguage":"sk-SK"},{"@type":"WebPage","@id":"https:\/\/www.jednotavrozmanitosti.eu\/?page_id=614","url":"https:\/\/www.jednotavrozmanitosti.eu\/?page_id=614","name":"Chcem do\u0161tudova\u0165 -","isPartOf":{"@id":"https:\/\/www.jednotavrozmanitosti.eu\/#website"},"datePublished":"2022-04-26T08:44:06+00:00","dateModified":"2022-10-20T10:13:04+00:00","breadcrumb":{"@id":"https:\/\/www.jednotavrozmanitosti.eu\/?page_id=614#breadcrumb"},"inLanguage":"sk-SK","potentialAction":[{"@type":"ReadAction","target":["https:\/\/www.jednotavrozmanitosti.eu\/?page_id=614"]}]},{"@type":"BreadcrumbList","@id":"https:\/\/www.jednotavrozmanitosti.eu\/?page_id=614#breadcrumb","itemListElement":[{"@type":"ListItem","position":1,"name":"Home","item":"https:\/\/www.jednotavrozmanitosti.eu\/"},{"@type":"ListItem","position":2,"name":"Aktuality\/ Novinky","item":"https:\/\/www.jednotavrozmanitosti.eu\/?page_id=127"},{"@type":"ListItem","position":3,"name":"Chcem do\u0161tudova\u0165"}]}]}},"_links":{"self":[{"href":"https:\/\/www.jednotavrozmanitosti.eu\/index.php?rest_route=\/wp\/v2\/pages\/614"}],"collection":[{"href":"https:\/\/www.jednotavrozmanitosti.eu\/index.php?rest_route=\/wp\/v2\/pages"}],"about":[{"href":"https:\/\/www.jednotavrozmanitosti.eu\/index.php?rest_route=\/wp\/v2\/types\/page"}],"author":[{"embeddable":true,"href":"https:\/\/www.jednotavrozmanitosti.eu\/index.php?rest_route=\/wp\/v2\/users\/2"}],"replies":[{"embeddable":true,"href":"https:\/\/www.jednotavrozmanitosti.eu\/index.php?rest_route=%2Fwp%2Fv2%2Fcomments&post=614"}],"version-history":[{"count":6,"href":"https:\/\/www.jednotavrozmanitosti.eu\/index.php?rest_route=\/wp\/v2\/pages\/614\/revisions"}],"predecessor-version":[{"id":1102,"href":"https:\/\/www.jednotavrozmanitosti.eu\/index.php?rest_route=\/wp\/v2\/pages\/614\/revisions\/1102"}],"up":[{"embeddable":true,"href":"https:\/\/www.jednotavrozmanitosti.eu\/index.php?rest_route=\/wp\/v2\/pages\/127"}],"wp:attachment":[{"href":"https:\/\/www.jednotavrozmanitosti.eu\/index.php?rest_route=%2Fwp%2Fv2%2Fmedia&parent=614"}],"curies":[{"name":"wp","href":"https:\/\/api.w.org\/{rel}","templated":true}]}}