{"id":71,"date":"2022-04-07T14:57:35","date_gmt":"2022-04-07T12:57:35","guid":{"rendered":"https:\/\/www.jednotavrozmanitosti.eu\/?page_id=71"},"modified":"2022-07-04T08:51:07","modified_gmt":"2022-07-04T06:51:07","slug":"podakovanie-za-podporu","status":"publish","type":"page","link":"https:\/\/www.jednotavrozmanitosti.eu\/?page_id=71","title":{"rendered":"Po\u010fakovanie za podporu"},"content":{"rendered":"\n<div class=\"wp-container-2 wp-block-columns\">\n<div class=\"wp-container-1 wp-block-column\">\n<p class=\"has-medium-font-size\"><a><strong>,, Jednota v rozmanitosti \u201c<\/strong><\/a><\/p>\n\n\n\n<p class=\"has-medium-font-size\">z\u00edskala grant z&nbsp;N\u00f3rska v&nbsp;sume 773&nbsp;184 \u20ac. Projekt bol spolufinancovan\u00fd v&nbsp;sume 115 978 \u20ac zo \u0161t\u00e1tneho rozpo\u010dtu Slovenskej republiky.<\/p>\n\n\n\n<p class=\"has-medium-font-size\">Cie\u013eom projektu je zlep\u0161i\u0165 pr\u00edstup det\u00ed a ml\u00e1de\u017ee zo zranite\u013en\u00fdch skup\u00edn k \u0161ir\u0161iemu okruhu mimo\u0161kolsk\u00fdch \u010dinnost\u00ed, zlep\u0161i\u0165 tak ich<\/p>\n\n\n\n<p class=\"has-medium-font-size\">osobn\u00fd rozvoj a poskytn\u00fa\u0165 im mo\u017enos\u0165 nau\u010di\u0165 sa zru\u010dnosti zvy\u0161uj\u00face ich \u0161ance uspie\u0165 v spolo\u010dnosti.<\/p>\n<\/div>\n<\/div>\n\n\n\n<p><\/p>\n","protected":false},"excerpt":{"rendered":"<p>,, Jednota v rozmanitosti \u201c z\u00edskala grant z&nbsp;N\u00f3rska v&nbsp;sume 773&nbsp;184 \u20ac. Projekt bol spolufinancovan\u00fd v&nbsp;sume 115 978 \u20ac zo \u0161t\u00e1tneho rozpo\u010dtu Slovenskej republiky. Cie\u013eom projektu je zlep\u0161i\u0165 pr\u00edstup det\u00ed a ml\u00e1de\u017ee zo zranite\u013en\u00fdch skup\u00edn k \u0161ir\u0161iemu okruhu mimo\u0161kolsk\u00fdch \u010dinnost\u00ed, zlep\u0161i\u0165 tak ich osobn\u00fd rozvoj a poskytn\u00fa\u0165 im mo\u017enos\u0165 nau\u010di\u0165 sa zru\u010dnosti zvy\u0161uj\u00face ich \u0161ance uspie\u0165 [&hellip;]<\/p>\n","protected":false},"author":2,"featured_media":25,"parent":20,"menu_order":2,"comment_status":"closed","ping_status":"closed","template":"","meta":{"_monsterinsights_skip_tracking":false,"_monsterinsights_sitenote_active":false,"_monsterinsights_sitenote_note":"","_monsterinsights_sitenote_category":0},"yoast_head":"<!-- This site is optimized with the Yoast SEO plugin v19.4 - https:\/\/yoast.com\/wordpress\/plugins\/seo\/ -->\n<title>Po\u010fakovanie za podporu -<\/title>\n<meta name=\"robots\" content=\"index, follow, max-snippet:-1, max-image-preview:large, max-video-preview:-1\" \/>\n<link rel=\"canonical\" href=\"https:\/\/www.jednotavrozmanitosti.eu\/?page_id=71\" \/>\n<meta property=\"og:locale\" content=\"sk_SK\" \/>\n<meta property=\"og:type\" content=\"article\" \/>\n<meta property=\"og:title\" content=\"Po\u010fakovanie za podporu -\" \/>\n<meta property=\"og:description\" content=\",, Jednota v rozmanitosti \u201c z\u00edskala grant z&nbsp;N\u00f3rska v&nbsp;sume 773&nbsp;184 \u20ac. Projekt bol spolufinancovan\u00fd v&nbsp;sume 115 978 \u20ac zo \u0161t\u00e1tneho rozpo\u010dtu Slovenskej republiky. Cie\u013eom projektu je zlep\u0161i\u0165 pr\u00edstup det\u00ed a ml\u00e1de\u017ee zo zranite\u013en\u00fdch skup\u00edn k \u0161ir\u0161iemu okruhu mimo\u0161kolsk\u00fdch \u010dinnost\u00ed, zlep\u0161i\u0165 tak ich osobn\u00fd rozvoj a poskytn\u00fa\u0165 im mo\u017enos\u0165 nau\u010di\u0165 sa zru\u010dnosti zvy\u0161uj\u00face ich \u0161ance uspie\u0165 [&hellip;]\" \/>\n<meta property=\"og:url\" content=\"https:\/\/www.jednotavrozmanitosti.eu\/?page_id=71\" \/>\n<meta property=\"article:modified_time\" content=\"2022-07-04T06:51:07+00:00\" \/>\n<meta property=\"og:image\" content=\"https:\/\/www.jednotavrozmanitosti.eu\/wp-content\/uploads\/2022\/04\/logo-Norsky-grant_pozadie.png\" \/>\n\t<meta property=\"og:image:width\" content=\"500\" \/>\n\t<meta property=\"og:image:height\" content=\"512\" \/>\n\t<meta property=\"og:image:type\" content=\"image\/png\" \/>\n<meta name=\"twitter:card\" content=\"summary_large_image\" \/>\n<meta name=\"twitter:label1\" content=\"Predpokladan\u00fd \u010das \u010d\u00edtania\" \/>\n\t<meta name=\"twitter:data1\" content=\"1 min\u00fata\" \/>\n<script type=\"application\/ld+json\" class=\"yoast-schema-graph\">{\"@context\":\"https:\/\/schema.org\",\"@graph\":[{\"@type\":\"WebSite\",\"@id\":\"https:\/\/www.jednotavrozmanitosti.eu\/#website\",\"url\":\"https:\/\/www.jednotavrozmanitosti.eu\/\",\"name\":\"\",\"description\":\",,Spolo\u010dn\u00fdm \u00fasil\u00edm k\u00a0zelenej, konkurencieschopnej a\u00a0inkluz\u00edvnej Eur\u00f3pe.\u201c\",\"potentialAction\":[{\"@type\":\"SearchAction\",\"target\":{\"@type\":\"EntryPoint\",\"urlTemplate\":\"https:\/\/www.jednotavrozmanitosti.eu\/?s={search_term_string}\"},\"query-input\":\"required name=search_term_string\"}],\"inLanguage\":\"sk-SK\"},{\"@type\":\"WebPage\",\"@id\":\"https:\/\/www.jednotavrozmanitosti.eu\/?page_id=71\",\"url\":\"https:\/\/www.jednotavrozmanitosti.eu\/?page_id=71\",\"name\":\"Po\u010fakovanie za podporu -\",\"isPartOf\":{\"@id\":\"https:\/\/www.jednotavrozmanitosti.eu\/#website\"},\"datePublished\":\"2022-04-07T12:57:35+00:00\",\"dateModified\":\"2022-07-04T06:51:07+00:00\",\"breadcrumb\":{\"@id\":\"https:\/\/www.jednotavrozmanitosti.eu\/?page_id=71#breadcrumb\"},\"inLanguage\":\"sk-SK\",\"potentialAction\":[{\"@type\":\"ReadAction\",\"target\":[\"https:\/\/www.jednotavrozmanitosti.eu\/?page_id=71\"]}]},{\"@type\":\"BreadcrumbList\",\"@id\":\"https:\/\/www.jednotavrozmanitosti.eu\/?page_id=71#breadcrumb\",\"itemListElement\":[{\"@type\":\"ListItem\",\"position\":1,\"name\":\"Home\",\"item\":\"https:\/\/www.jednotavrozmanitosti.eu\/\"},{\"@type\":\"ListItem\",\"position\":2,\"name\":\"O projekte\",\"item\":\"https:\/\/www.jednotavrozmanitosti.eu\/?page_id=20\"},{\"@type\":\"ListItem\",\"position\":3,\"name\":\"Po\u010fakovanie za podporu\"}]}]}<\/script>\n<!-- \/ Yoast SEO plugin. -->","yoast_head_json":{"title":"Po\u010fakovanie za podporu -","robots":{"index":"index","follow":"follow","max-snippet":"max-snippet:-1","max-image-preview":"max-image-preview:large","max-video-preview":"max-video-preview:-1"},"canonical":"https:\/\/www.jednotavrozmanitosti.eu\/?page_id=71","og_locale":"sk_SK","og_type":"article","og_title":"Po\u010fakovanie za podporu -","og_description":",, Jednota v rozmanitosti \u201c z\u00edskala grant z&nbsp;N\u00f3rska v&nbsp;sume 773&nbsp;184 \u20ac. Projekt bol spolufinancovan\u00fd v&nbsp;sume 115 978 \u20ac zo \u0161t\u00e1tneho rozpo\u010dtu Slovenskej republiky. Cie\u013eom projektu je zlep\u0161i\u0165 pr\u00edstup det\u00ed a ml\u00e1de\u017ee zo zranite\u013en\u00fdch skup\u00edn k \u0161ir\u0161iemu okruhu mimo\u0161kolsk\u00fdch \u010dinnost\u00ed, zlep\u0161i\u0165 tak ich osobn\u00fd rozvoj a poskytn\u00fa\u0165 im mo\u017enos\u0165 nau\u010di\u0165 sa zru\u010dnosti zvy\u0161uj\u00face ich \u0161ance uspie\u0165 [&hellip;]","og_url":"https:\/\/www.jednotavrozmanitosti.eu\/?page_id=71","article_modified_time":"2022-07-04T06:51:07+00:00","og_image":[{"width":500,"height":512,"url":"https:\/\/www.jednotavrozmanitosti.eu\/wp-content\/uploads\/2022\/04\/logo-Norsky-grant_pozadie.png","type":"image\/png"}],"twitter_card":"summary_large_image","twitter_misc":{"Predpokladan\u00fd \u010das \u010d\u00edtania":"1 min\u00fata"},"schema":{"@context":"https:\/\/schema.org","@graph":[{"@type":"WebSite","@id":"https:\/\/www.jednotavrozmanitosti.eu\/#website","url":"https:\/\/www.jednotavrozmanitosti.eu\/","name":"","description":",,Spolo\u010dn\u00fdm \u00fasil\u00edm k\u00a0zelenej, konkurencieschopnej a\u00a0inkluz\u00edvnej Eur\u00f3pe.\u201c","potentialAction":[{"@type":"SearchAction","target":{"@type":"EntryPoint","urlTemplate":"https:\/\/www.jednotavrozmanitosti.eu\/?s={search_term_string}"},"query-input":"required name=search_term_string"}],"inLanguage":"sk-SK"},{"@type":"WebPage","@id":"https:\/\/www.jednotavrozmanitosti.eu\/?page_id=71","url":"https:\/\/www.jednotavrozmanitosti.eu\/?page_id=71","name":"Po\u010fakovanie za podporu -","isPartOf":{"@id":"https:\/\/www.jednotavrozmanitosti.eu\/#website"},"datePublished":"2022-04-07T12:57:35+00:00","dateModified":"2022-07-04T06:51:07+00:00","breadcrumb":{"@id":"https:\/\/www.jednotavrozmanitosti.eu\/?page_id=71#breadcrumb"},"inLanguage":"sk-SK","potentialAction":[{"@type":"ReadAction","target":["https:\/\/www.jednotavrozmanitosti.eu\/?page_id=71"]}]},{"@type":"BreadcrumbList","@id":"https:\/\/www.jednotavrozmanitosti.eu\/?page_id=71#breadcrumb","itemListElement":[{"@type":"ListItem","position":1,"name":"Home","item":"https:\/\/www.jednotavrozmanitosti.eu\/"},{"@type":"ListItem","position":2,"name":"O projekte","item":"https:\/\/www.jednotavrozmanitosti.eu\/?page_id=20"},{"@type":"ListItem","position":3,"name":"Po\u010fakovanie za podporu"}]}]}},"_links":{"self":[{"href":"https:\/\/www.jednotavrozmanitosti.eu\/index.php?rest_route=\/wp\/v2\/pages\/71"}],"collection":[{"href":"https:\/\/www.jednotavrozmanitosti.eu\/index.php?rest_route=\/wp\/v2\/pages"}],"about":[{"href":"https:\/\/www.jednotavrozmanitosti.eu\/index.php?rest_route=\/wp\/v2\/types\/page"}],"author":[{"embeddable":true,"href":"https:\/\/www.jednotavrozmanitosti.eu\/index.php?rest_route=\/wp\/v2\/users\/2"}],"replies":[{"embeddable":true,"href":"https:\/\/www.jednotavrozmanitosti.eu\/index.php?rest_route=%2Fwp%2Fv2%2Fcomments&post=71"}],"version-history":[{"count":6,"href":"https:\/\/www.jednotavrozmanitosti.eu\/index.php?rest_route=\/wp\/v2\/pages\/71\/revisions"}],"predecessor-version":[{"id":1008,"href":"https:\/\/www.jednotavrozmanitosti.eu\/index.php?rest_route=\/wp\/v2\/pages\/71\/revisions\/1008"}],"up":[{"embeddable":true,"href":"https:\/\/www.jednotavrozmanitosti.eu\/index.php?rest_route=\/wp\/v2\/pages\/20"}],"wp:featuredmedia":[{"embeddable":true,"href":"https:\/\/www.jednotavrozmanitosti.eu\/index.php?rest_route=\/wp\/v2\/media\/25"}],"wp:attachment":[{"href":"https:\/\/www.jednotavrozmanitosti.eu\/index.php?rest_route=%2Fwp%2Fv2%2Fmedia&parent=71"}],"curies":[{"name":"wp","href":"https:\/\/api.w.org\/{rel}","templated":true}]}}