{"id":896,"date":"2022-06-28T11:40:57","date_gmt":"2022-06-28T09:40:57","guid":{"rendered":"https:\/\/www.jednotavrozmanitosti.eu\/?page_id=896"},"modified":"2022-06-28T13:09:30","modified_gmt":"2022-06-28T11:09:30","slug":"prijimatel","status":"publish","type":"page","link":"https:\/\/www.jednotavrozmanitosti.eu\/?page_id=896","title":{"rendered":"Prij\u00edmate\u013e"},"content":{"rendered":"\n<div class=\"wp-container-3 wp-block-columns\">\n<div class=\"wp-container-1 wp-block-column is-vertically-aligned-center\">\n<p class=\"has-text-align-left\"><sup><img loading=\"lazy\" width=\"390\" height=\"450\" class=\"wp-image-928\" style=\"width: 86px;\" src=\"https:\/\/www.jednotavrozmanitosti.eu\/wp-content\/uploads\/2022\/06\/Erb-Prakovce-8.jpg\" alt=\"\" srcset=\"https:\/\/www.jednotavrozmanitosti.eu\/wp-content\/uploads\/2022\/06\/Erb-Prakovce-8.jpg 390w, https:\/\/www.jednotavrozmanitosti.eu\/wp-content\/uploads\/2022\/06\/Erb-Prakovce-8-260x300.jpg 260w\" sizes=\"(max-width: 390px) 100vw, 390px\" \/><\/sup><\/p>\n\n\n\n<p>Obec Prakovce<\/p>\n\n\n\n<p>Prakovce 333<\/p>\n\n\n\n<p>055 62 Prakovce<\/p>\n<\/div>\n\n\n\n<div class=\"wp-container-2 wp-block-column\"><\/div>\n<\/div>\n\n\n\n<p><a href=\"https:\/\/www.prakovce.sk\/\">https:\/\/www.prakovce.sk\/<\/a><\/p>\n","protected":false},"excerpt":{"rendered":"<p>Obec Prakovce Prakovce 333 055 62 Prakovce https:\/\/www.prakovce.sk\/<\/p>\n","protected":false},"author":2,"featured_media":0,"parent":889,"menu_order":1,"comment_status":"closed","ping_status":"closed","template":"","meta":{"_monsterinsights_skip_tracking":false,"_monsterinsights_sitenote_active":false,"_monsterinsights_sitenote_note":"","_monsterinsights_sitenote_category":0},"yoast_head":"<!-- This site is optimized with the Yoast SEO plugin v19.4 - https:\/\/yoast.com\/wordpress\/plugins\/seo\/ -->\n<title>Prij\u00edmate\u013e -<\/title>\n<meta name=\"robots\" content=\"index, follow, max-snippet:-1, max-image-preview:large, max-video-preview:-1\" \/>\n<link rel=\"canonical\" href=\"https:\/\/www.jednotavrozmanitosti.eu\/?page_id=896\" \/>\n<meta property=\"og:locale\" content=\"sk_SK\" \/>\n<meta property=\"og:type\" content=\"article\" \/>\n<meta property=\"og:title\" content=\"Prij\u00edmate\u013e -\" \/>\n<meta property=\"og:description\" content=\"Obec Prakovce Prakovce 333 055 62 Prakovce https:\/\/www.prakovce.sk\/\" \/>\n<meta property=\"og:url\" content=\"https:\/\/www.jednotavrozmanitosti.eu\/?page_id=896\" \/>\n<meta property=\"article:modified_time\" content=\"2022-06-28T11:09:30+00:00\" \/>\n<meta property=\"og:image\" content=\"https:\/\/www.jednotavrozmanitosti.eu\/wp-content\/uploads\/2022\/06\/Erb-Prakovce-8.jpg\" \/>\n<meta name=\"twitter:card\" content=\"summary_large_image\" \/>\n<meta name=\"twitter:label1\" content=\"Predpokladan\u00fd \u010das \u010d\u00edtania\" \/>\n\t<meta name=\"twitter:data1\" content=\"1 min\u00fata\" \/>\n<script type=\"application\/ld+json\" class=\"yoast-schema-graph\">{\"@context\":\"https:\/\/schema.org\",\"@graph\":[{\"@type\":\"WebSite\",\"@id\":\"https:\/\/www.jednotavrozmanitosti.eu\/#website\",\"url\":\"https:\/\/www.jednotavrozmanitosti.eu\/\",\"name\":\"\",\"description\":\",,Spolo\u010dn\u00fdm \u00fasil\u00edm k\u00a0zelenej, konkurencieschopnej a\u00a0inkluz\u00edvnej Eur\u00f3pe.\u201c\",\"potentialAction\":[{\"@type\":\"SearchAction\",\"target\":{\"@type\":\"EntryPoint\",\"urlTemplate\":\"https:\/\/www.jednotavrozmanitosti.eu\/?s={search_term_string}\"},\"query-input\":\"required name=search_term_string\"}],\"inLanguage\":\"sk-SK\"},{\"@type\":\"WebPage\",\"@id\":\"https:\/\/www.jednotavrozmanitosti.eu\/?page_id=896\",\"url\":\"https:\/\/www.jednotavrozmanitosti.eu\/?page_id=896\",\"name\":\"Prij\u00edmate\u013e -\",\"isPartOf\":{\"@id\":\"https:\/\/www.jednotavrozmanitosti.eu\/#website\"},\"datePublished\":\"2022-06-28T09:40:57+00:00\",\"dateModified\":\"2022-06-28T11:09:30+00:00\",\"breadcrumb\":{\"@id\":\"https:\/\/www.jednotavrozmanitosti.eu\/?page_id=896#breadcrumb\"},\"inLanguage\":\"sk-SK\",\"potentialAction\":[{\"@type\":\"ReadAction\",\"target\":[\"https:\/\/www.jednotavrozmanitosti.eu\/?page_id=896\"]}]},{\"@type\":\"BreadcrumbList\",\"@id\":\"https:\/\/www.jednotavrozmanitosti.eu\/?page_id=896#breadcrumb\",\"itemListElement\":[{\"@type\":\"ListItem\",\"position\":1,\"name\":\"Home\",\"item\":\"https:\/\/www.jednotavrozmanitosti.eu\/\"},{\"@type\":\"ListItem\",\"position\":2,\"name\":\"Kontakty\",\"item\":\"https:\/\/www.jednotavrozmanitosti.eu\/?page_id=889\"},{\"@type\":\"ListItem\",\"position\":3,\"name\":\"Prij\u00edmate\u013e\"}]}]}<\/script>\n<!-- \/ Yoast SEO plugin. -->","yoast_head_json":{"title":"Prij\u00edmate\u013e -","robots":{"index":"index","follow":"follow","max-snippet":"max-snippet:-1","max-image-preview":"max-image-preview:large","max-video-preview":"max-video-preview:-1"},"canonical":"https:\/\/www.jednotavrozmanitosti.eu\/?page_id=896","og_locale":"sk_SK","og_type":"article","og_title":"Prij\u00edmate\u013e -","og_description":"Obec Prakovce Prakovce 333 055 62 Prakovce https:\/\/www.prakovce.sk\/","og_url":"https:\/\/www.jednotavrozmanitosti.eu\/?page_id=896","article_modified_time":"2022-06-28T11:09:30+00:00","og_image":[{"url":"https:\/\/www.jednotavrozmanitosti.eu\/wp-content\/uploads\/2022\/06\/Erb-Prakovce-8.jpg"}],"twitter_card":"summary_large_image","twitter_misc":{"Predpokladan\u00fd \u010das \u010d\u00edtania":"1 min\u00fata"},"schema":{"@context":"https:\/\/schema.org","@graph":[{"@type":"WebSite","@id":"https:\/\/www.jednotavrozmanitosti.eu\/#website","url":"https:\/\/www.jednotavrozmanitosti.eu\/","name":"","description":",,Spolo\u010dn\u00fdm \u00fasil\u00edm k\u00a0zelenej, konkurencieschopnej a\u00a0inkluz\u00edvnej Eur\u00f3pe.\u201c","potentialAction":[{"@type":"SearchAction","target":{"@type":"EntryPoint","urlTemplate":"https:\/\/www.jednotavrozmanitosti.eu\/?s={search_term_string}"},"query-input":"required name=search_term_string"}],"inLanguage":"sk-SK"},{"@type":"WebPage","@id":"https:\/\/www.jednotavrozmanitosti.eu\/?page_id=896","url":"https:\/\/www.jednotavrozmanitosti.eu\/?page_id=896","name":"Prij\u00edmate\u013e -","isPartOf":{"@id":"https:\/\/www.jednotavrozmanitosti.eu\/#website"},"datePublished":"2022-06-28T09:40:57+00:00","dateModified":"2022-06-28T11:09:30+00:00","breadcrumb":{"@id":"https:\/\/www.jednotavrozmanitosti.eu\/?page_id=896#breadcrumb"},"inLanguage":"sk-SK","potentialAction":[{"@type":"ReadAction","target":["https:\/\/www.jednotavrozmanitosti.eu\/?page_id=896"]}]},{"@type":"BreadcrumbList","@id":"https:\/\/www.jednotavrozmanitosti.eu\/?page_id=896#breadcrumb","itemListElement":[{"@type":"ListItem","position":1,"name":"Home","item":"https:\/\/www.jednotavrozmanitosti.eu\/"},{"@type":"ListItem","position":2,"name":"Kontakty","item":"https:\/\/www.jednotavrozmanitosti.eu\/?page_id=889"},{"@type":"ListItem","position":3,"name":"Prij\u00edmate\u013e"}]}]}},"_links":{"self":[{"href":"https:\/\/www.jednotavrozmanitosti.eu\/index.php?rest_route=\/wp\/v2\/pages\/896"}],"collection":[{"href":"https:\/\/www.jednotavrozmanitosti.eu\/index.php?rest_route=\/wp\/v2\/pages"}],"about":[{"href":"https:\/\/www.jednotavrozmanitosti.eu\/index.php?rest_route=\/wp\/v2\/types\/page"}],"author":[{"embeddable":true,"href":"https:\/\/www.jednotavrozmanitosti.eu\/index.php?rest_route=\/wp\/v2\/users\/2"}],"replies":[{"embeddable":true,"href":"https:\/\/www.jednotavrozmanitosti.eu\/index.php?rest_route=%2Fwp%2Fv2%2Fcomments&post=896"}],"version-history":[{"count":6,"href":"https:\/\/www.jednotavrozmanitosti.eu\/index.php?rest_route=\/wp\/v2\/pages\/896\/revisions"}],"predecessor-version":[{"id":937,"href":"https:\/\/www.jednotavrozmanitosti.eu\/index.php?rest_route=\/wp\/v2\/pages\/896\/revisions\/937"}],"up":[{"embeddable":true,"href":"https:\/\/www.jednotavrozmanitosti.eu\/index.php?rest_route=\/wp\/v2\/pages\/889"}],"wp:attachment":[{"href":"https:\/\/www.jednotavrozmanitosti.eu\/index.php?rest_route=%2Fwp%2Fv2%2Fmedia&parent=896"}],"curies":[{"name":"wp","href":"https:\/\/api.w.org\/{rel}","templated":true}]}}