{"id":906,"date":"2022-06-28T11:50:52","date_gmt":"2022-06-28T09:50:52","guid":{"rendered":"https:\/\/www.jednotavrozmanitosti.eu\/?page_id=906"},"modified":"2022-06-28T12:59:55","modified_gmt":"2022-06-28T10:59:55","slug":"partner-2","status":"publish","type":"page","link":"https:\/\/www.jednotavrozmanitosti.eu\/?page_id=906","title":{"rendered":"Partner 2"},"content":{"rendered":"\n<p><img loading=\"lazy\" width=\"81\" height=\"93\" class=\"wp-image-935\" style=\"width: 81px;\" src=\"https:\/\/www.jednotavrozmanitosti.eu\/wp-content\/uploads\/2022\/06\/mnisek.jpg\" alt=\"\"><\/p>\n\n\n\n<p>Obec Mn\u00ed\u0161ek nad Hnilcom<\/p>\n\n\n\n<p>Mn\u00ed\u0161ek nad Hnilcom 292<\/p>\n\n\n\n<p>055 64 Mn\u00ed\u0161ek nad Hnilcom<\/p>\n\n\n\n<p><a href=\"https:\/\/mnisek.sk\/\">https:\/\/mnisek.sk\/<\/a><\/p>\n","protected":false},"excerpt":{"rendered":"<p>Obec Mn\u00ed\u0161ek nad Hnilcom Mn\u00ed\u0161ek nad Hnilcom 292 055 64 Mn\u00ed\u0161ek nad Hnilcom https:\/\/mnisek.sk\/<\/p>\n","protected":false},"author":2,"featured_media":0,"parent":889,"menu_order":3,"comment_status":"closed","ping_status":"closed","template":"","meta":{"_monsterinsights_skip_tracking":false,"_monsterinsights_sitenote_active":false,"_monsterinsights_sitenote_note":"","_monsterinsights_sitenote_category":0},"yoast_head":"<!-- This site is optimized with the Yoast SEO plugin v19.4 - https:\/\/yoast.com\/wordpress\/plugins\/seo\/ -->\n<title>Partner 2 -<\/title>\n<meta name=\"robots\" content=\"index, follow, max-snippet:-1, max-image-preview:large, max-video-preview:-1\" \/>\n<link rel=\"canonical\" href=\"https:\/\/www.jednotavrozmanitosti.eu\/?page_id=906\" \/>\n<meta property=\"og:locale\" content=\"sk_SK\" \/>\n<meta property=\"og:type\" content=\"article\" \/>\n<meta property=\"og:title\" content=\"Partner 2 -\" \/>\n<meta property=\"og:description\" content=\"Obec Mn\u00ed\u0161ek nad Hnilcom Mn\u00ed\u0161ek nad Hnilcom 292 055 64 Mn\u00ed\u0161ek nad Hnilcom https:\/\/mnisek.sk\/\" \/>\n<meta property=\"og:url\" content=\"https:\/\/www.jednotavrozmanitosti.eu\/?page_id=906\" \/>\n<meta property=\"article:modified_time\" content=\"2022-06-28T10:59:55+00:00\" \/>\n<meta property=\"og:image\" content=\"https:\/\/www.jednotavrozmanitosti.eu\/wp-content\/uploads\/2022\/06\/mnisek.jpg\" \/>\n<meta name=\"twitter:card\" content=\"summary_large_image\" \/>\n<meta name=\"twitter:label1\" content=\"Predpokladan\u00fd \u010das \u010d\u00edtania\" \/>\n\t<meta name=\"twitter:data1\" content=\"1 min\u00fata\" \/>\n<script type=\"application\/ld+json\" class=\"yoast-schema-graph\">{\"@context\":\"https:\/\/schema.org\",\"@graph\":[{\"@type\":\"WebSite\",\"@id\":\"https:\/\/www.jednotavrozmanitosti.eu\/#website\",\"url\":\"https:\/\/www.jednotavrozmanitosti.eu\/\",\"name\":\"\",\"description\":\",,Spolo\u010dn\u00fdm \u00fasil\u00edm k\u00a0zelenej, konkurencieschopnej a\u00a0inkluz\u00edvnej Eur\u00f3pe.\u201c\",\"potentialAction\":[{\"@type\":\"SearchAction\",\"target\":{\"@type\":\"EntryPoint\",\"urlTemplate\":\"https:\/\/www.jednotavrozmanitosti.eu\/?s={search_term_string}\"},\"query-input\":\"required name=search_term_string\"}],\"inLanguage\":\"sk-SK\"},{\"@type\":\"WebPage\",\"@id\":\"https:\/\/www.jednotavrozmanitosti.eu\/?page_id=906\",\"url\":\"https:\/\/www.jednotavrozmanitosti.eu\/?page_id=906\",\"name\":\"Partner 2 -\",\"isPartOf\":{\"@id\":\"https:\/\/www.jednotavrozmanitosti.eu\/#website\"},\"datePublished\":\"2022-06-28T09:50:52+00:00\",\"dateModified\":\"2022-06-28T10:59:55+00:00\",\"breadcrumb\":{\"@id\":\"https:\/\/www.jednotavrozmanitosti.eu\/?page_id=906#breadcrumb\"},\"inLanguage\":\"sk-SK\",\"potentialAction\":[{\"@type\":\"ReadAction\",\"target\":[\"https:\/\/www.jednotavrozmanitosti.eu\/?page_id=906\"]}]},{\"@type\":\"BreadcrumbList\",\"@id\":\"https:\/\/www.jednotavrozmanitosti.eu\/?page_id=906#breadcrumb\",\"itemListElement\":[{\"@type\":\"ListItem\",\"position\":1,\"name\":\"Home\",\"item\":\"https:\/\/www.jednotavrozmanitosti.eu\/\"},{\"@type\":\"ListItem\",\"position\":2,\"name\":\"Kontakty\",\"item\":\"https:\/\/www.jednotavrozmanitosti.eu\/?page_id=889\"},{\"@type\":\"ListItem\",\"position\":3,\"name\":\"Partner 2\"}]}]}<\/script>\n<!-- \/ Yoast SEO plugin. -->","yoast_head_json":{"title":"Partner 2 -","robots":{"index":"index","follow":"follow","max-snippet":"max-snippet:-1","max-image-preview":"max-image-preview:large","max-video-preview":"max-video-preview:-1"},"canonical":"https:\/\/www.jednotavrozmanitosti.eu\/?page_id=906","og_locale":"sk_SK","og_type":"article","og_title":"Partner 2 -","og_description":"Obec Mn\u00ed\u0161ek nad Hnilcom Mn\u00ed\u0161ek nad Hnilcom 292 055 64 Mn\u00ed\u0161ek nad Hnilcom https:\/\/mnisek.sk\/","og_url":"https:\/\/www.jednotavrozmanitosti.eu\/?page_id=906","article_modified_time":"2022-06-28T10:59:55+00:00","og_image":[{"url":"https:\/\/www.jednotavrozmanitosti.eu\/wp-content\/uploads\/2022\/06\/mnisek.jpg"}],"twitter_card":"summary_large_image","twitter_misc":{"Predpokladan\u00fd \u010das \u010d\u00edtania":"1 min\u00fata"},"schema":{"@context":"https:\/\/schema.org","@graph":[{"@type":"WebSite","@id":"https:\/\/www.jednotavrozmanitosti.eu\/#website","url":"https:\/\/www.jednotavrozmanitosti.eu\/","name":"","description":",,Spolo\u010dn\u00fdm \u00fasil\u00edm k\u00a0zelenej, konkurencieschopnej a\u00a0inkluz\u00edvnej Eur\u00f3pe.\u201c","potentialAction":[{"@type":"SearchAction","target":{"@type":"EntryPoint","urlTemplate":"https:\/\/www.jednotavrozmanitosti.eu\/?s={search_term_string}"},"query-input":"required name=search_term_string"}],"inLanguage":"sk-SK"},{"@type":"WebPage","@id":"https:\/\/www.jednotavrozmanitosti.eu\/?page_id=906","url":"https:\/\/www.jednotavrozmanitosti.eu\/?page_id=906","name":"Partner 2 -","isPartOf":{"@id":"https:\/\/www.jednotavrozmanitosti.eu\/#website"},"datePublished":"2022-06-28T09:50:52+00:00","dateModified":"2022-06-28T10:59:55+00:00","breadcrumb":{"@id":"https:\/\/www.jednotavrozmanitosti.eu\/?page_id=906#breadcrumb"},"inLanguage":"sk-SK","potentialAction":[{"@type":"ReadAction","target":["https:\/\/www.jednotavrozmanitosti.eu\/?page_id=906"]}]},{"@type":"BreadcrumbList","@id":"https:\/\/www.jednotavrozmanitosti.eu\/?page_id=906#breadcrumb","itemListElement":[{"@type":"ListItem","position":1,"name":"Home","item":"https:\/\/www.jednotavrozmanitosti.eu\/"},{"@type":"ListItem","position":2,"name":"Kontakty","item":"https:\/\/www.jednotavrozmanitosti.eu\/?page_id=889"},{"@type":"ListItem","position":3,"name":"Partner 2"}]}]}},"_links":{"self":[{"href":"https:\/\/www.jednotavrozmanitosti.eu\/index.php?rest_route=\/wp\/v2\/pages\/906"}],"collection":[{"href":"https:\/\/www.jednotavrozmanitosti.eu\/index.php?rest_route=\/wp\/v2\/pages"}],"about":[{"href":"https:\/\/www.jednotavrozmanitosti.eu\/index.php?rest_route=\/wp\/v2\/types\/page"}],"author":[{"embeddable":true,"href":"https:\/\/www.jednotavrozmanitosti.eu\/index.php?rest_route=\/wp\/v2\/users\/2"}],"replies":[{"embeddable":true,"href":"https:\/\/www.jednotavrozmanitosti.eu\/index.php?rest_route=%2Fwp%2Fv2%2Fcomments&post=906"}],"version-history":[{"count":2,"href":"https:\/\/www.jednotavrozmanitosti.eu\/index.php?rest_route=\/wp\/v2\/pages\/906\/revisions"}],"predecessor-version":[{"id":936,"href":"https:\/\/www.jednotavrozmanitosti.eu\/index.php?rest_route=\/wp\/v2\/pages\/906\/revisions\/936"}],"up":[{"embeddable":true,"href":"https:\/\/www.jednotavrozmanitosti.eu\/index.php?rest_route=\/wp\/v2\/pages\/889"}],"wp:attachment":[{"href":"https:\/\/www.jednotavrozmanitosti.eu\/index.php?rest_route=%2Fwp%2Fv2%2Fmedia&parent=906"}],"curies":[{"name":"wp","href":"https:\/\/api.w.org\/{rel}","templated":true}]}}